{"id":3319,"date":"2023-07-10T01:37:04","date_gmt":"2023-07-10T00:37:04","guid":{"rendered":"https:\/\/a-asesoriaintegral.com\/obtineti-o-programare\/"},"modified":"2023-07-19T20:03:59","modified_gmt":"2023-07-19T19:03:59","slug":"obtineti-o-programare","status":"publish","type":"page","link":"https:\/\/a-asesoriaintegral.com\/ro\/obtineti-o-programare\/","title":{"rendered":"Program\u0103ri"},"content":{"rendered":"\t\t<div data-elementor-type=\"wp-page\" data-elementor-id=\"3319\" class=\"elementor elementor-3319 elementor-2729\">\n\t\t\t\t\t\t\t\t\t<section class=\"elementor-section elementor-top-section elementor-element elementor-element-270ac63 elementor-section-full_width elementor-section-height-default elementor-section-height-default\" data-id=\"270ac63\" data-element_type=\"section\" data-settings=\"{&quot;background_background&quot;:&quot;classic&quot;}\">\n\t\t\t\t\t\t<div class=\"elementor-container elementor-column-gap-default\">\n\t\t\t\t\t<div class=\"elementor-column elementor-col-100 elementor-top-column elementor-element elementor-element-3b87118\" data-id=\"3b87118\" data-element_type=\"column\">\n\t\t\t<div class=\"elementor-widget-wrap elementor-element-populated\">\n\t\t\t\t\t\t\t\t<div class=\"elementor-element elementor-element-f2d8e9b elementor-widget elementor-widget-gva-heading-block\" data-id=\"f2d8e9b\" data-element_type=\"widget\" data-widget_type=\"gva-heading-block.default\">\n\t\t\t\t<div class=\"elementor-widget-container\">\n\t\t\t<div class=\"gva-element-gva-heading-block gva-element\">   <div class=\"align-center style-1 widget gsc-heading box-align-left auto-responsive\">\r\n      <div class=\"content-inner\">\r\n         \r\n         \r\n         \r\n           \r\n         \r\n                     <h2 class=\"title\">\r\n               <span>Ob\u021bine\u021bi o programare<\/span>\r\n            <\/h2>\r\n                  \r\n         \r\n      <\/div>\r\n   <\/div>\r\n<\/div>\t\t<\/div>\n\t\t\t\t<\/div>\n\t\t\t\t\t<\/div>\n\t\t<\/div>\n\t\t\t\t\t\t\t<\/div>\n\t\t<\/section>\n\t\t\t\t<section class=\"elementor-section elementor-top-section elementor-element elementor-element-dde6858 elementor-section-boxed elementor-section-height-default elementor-section-height-default\" data-id=\"dde6858\" data-element_type=\"section\">\n\t\t\t\t\t\t<div class=\"elementor-container elementor-column-gap-default\">\n\t\t\t\t\t<div class=\"elementor-column elementor-col-100 elementor-top-column elementor-element elementor-element-c9b49ab\" data-id=\"c9b49ab\" data-element_type=\"column\">\n\t\t\t<div class=\"elementor-widget-wrap elementor-element-populated\">\n\t\t\t\t\t\t\t\t<div class=\"elementor-element elementor-element-3c17c6f elementor-widget elementor-widget-spacer\" data-id=\"3c17c6f\" data-element_type=\"widget\" data-widget_type=\"spacer.default\">\n\t\t\t\t<div class=\"elementor-widget-container\">\n\t\t\t<style>\/*! elementor - v3.14.0 - 26-06-2023 *\/\n.elementor-column .elementor-spacer-inner{height:var(--spacer-size)}.e-con{--container-widget-width:100%}.e-con-inner>.elementor-widget-spacer,.e-con>.elementor-widget-spacer{width:var(--container-widget-width,var(--spacer-size));--align-self:var(--container-widget-align-self,initial);--flex-shrink:0}.e-con-inner>.elementor-widget-spacer>.elementor-widget-container,.e-con-inner>.elementor-widget-spacer>.elementor-widget-container>.elementor-spacer,.e-con>.elementor-widget-spacer>.elementor-widget-container,.e-con>.elementor-widget-spacer>.elementor-widget-container>.elementor-spacer{height:100%}.e-con-inner>.elementor-widget-spacer>.elementor-widget-container>.elementor-spacer>.elementor-spacer-inner,.e-con>.elementor-widget-spacer>.elementor-widget-container>.elementor-spacer>.elementor-spacer-inner{height:var(--container-widget-height,var(--spacer-size))}<\/style>\t\t<div class=\"elementor-spacer\">\n\t\t\t<div class=\"elementor-spacer-inner\"><\/div>\n\t\t<\/div>\n\t\t\t\t<\/div>\n\t\t\t\t<\/div>\n\t\t\t\t\t<\/div>\n\t\t<\/div>\n\t\t\t\t\t\t\t<\/div>\n\t\t<\/section>\n\t\t\t\t<section class=\"elementor-section elementor-top-section elementor-element elementor-element-f4a4658 elementor-section-boxed elementor-section-height-default elementor-section-height-default\" data-id=\"f4a4658\" data-element_type=\"section\">\n\t\t\t\t\t\t<div class=\"elementor-container elementor-column-gap-default\">\n\t\t\t\t\t<div class=\"elementor-column elementor-col-100 elementor-top-column elementor-element elementor-element-480417f\" data-id=\"480417f\" data-element_type=\"column\">\n\t\t\t<div class=\"elementor-widget-wrap elementor-element-populated\">\n\t\t\t\t\t\t\t\t<div class=\"elementor-element elementor-element-58f64b0 elementor-widget elementor-widget-gva-heading-block\" data-id=\"58f64b0\" data-element_type=\"widget\" data-widget_type=\"gva-heading-block.default\">\n\t\t\t\t<div class=\"elementor-widget-container\">\n\t\t\t<div class=\"gva-element-gva-heading-block gva-element\">   <div class=\"align-left style-1 widget gsc-heading box-align-left auto-responsive\">\r\n      <div class=\"content-inner\">\r\n         \r\n         \r\n         <div class=\"heading-line\"><span><\/span><span><\/span><\/div>\r\n                     <div class=\"sub-title\">\r\n               <span class=\"tagline\">Cum s\u0103 mearg\u0103<\/span> \r\n            <\/div>\r\n           \r\n         \r\n                     <h2 class=\"title\">\r\n               <span>Ob\u021bine\u021bi o programare<\/span>\r\n            <\/h2>\r\n                  \r\n         \r\n      <\/div>\r\n   <\/div>\r\n<\/div>\t\t<\/div>\n\t\t\t\t<\/div>\n\t\t\t\t\t<\/div>\n\t\t<\/div>\n\t\t\t\t\t\t\t<\/div>\n\t\t<\/section>\n\t\t\t\t<section class=\"elementor-section elementor-top-section elementor-element elementor-element-32aac39 elementor-section-boxed elementor-section-height-default elementor-section-height-default\" data-id=\"32aac39\" data-element_type=\"section\">\n\t\t\t\t\t\t<div class=\"elementor-container elementor-column-gap-default\">\n\t\t\t\t\t<div class=\"elementor-column elementor-col-100 elementor-top-column elementor-element elementor-element-7cdb455\" data-id=\"7cdb455\" data-element_type=\"column\">\n\t\t\t<div class=\"elementor-widget-wrap elementor-element-populated\">\n\t\t\t\t\t\t\t\t<div class=\"elementor-element elementor-element-b9dfe95 elementor-widget elementor-widget-text-editor\" data-id=\"b9dfe95\" data-element_type=\"widget\" data-widget_type=\"text-editor.default\">\n\t\t\t\t<div class=\"elementor-widget-container\">\n\t\t\t<style>\/*! elementor - v3.14.0 - 26-06-2023 *\/\n.elementor-widget-text-editor.elementor-drop-cap-view-stacked .elementor-drop-cap{background-color:#69727d;color:#fff}.elementor-widget-text-editor.elementor-drop-cap-view-framed .elementor-drop-cap{color:#69727d;border:3px solid;background-color:transparent}.elementor-widget-text-editor:not(.elementor-drop-cap-view-default) .elementor-drop-cap{margin-top:8px}.elementor-widget-text-editor:not(.elementor-drop-cap-view-default) .elementor-drop-cap-letter{width:1em;height:1em}.elementor-widget-text-editor .elementor-drop-cap{float:left;text-align:center;line-height:1;font-size:50px}.elementor-widget-text-editor .elementor-drop-cap-letter{display:inline-block}<\/style>\t\t\t\t<p>Urmeaza pasii pentru a proceda la crearea unei noi intalniri, trebuie sa selectezi serviciul, datele tale personale si in final se va afisa costul total al serviciului dar in mod referential, pe care il poti plati in numerar consilierului sau printr-un link pe care consilierul v\u0103 va oferi s\u0103 pl\u0103ti\u021bi pe web.<\/p>\n<p>*Costurile totale \u00eencep -de la- valoarea afi\u0219at\u0103 \u0219i \u00een func\u021bie de serviciu \u0219i timpul real pot fi ajustate.<\/p>\n\t\t\t\t\t\t<\/div>\n\t\t\t\t<\/div>\n\t\t\t\t\t<\/div>\n\t\t<\/div>\n\t\t\t\t\t\t\t<\/div>\n\t\t<\/section>\n\t\t\t\t<section class=\"elementor-section elementor-top-section elementor-element elementor-element-89037e2 elementor-section-boxed elementor-section-height-default elementor-section-height-default\" data-id=\"89037e2\" data-element_type=\"section\">\n\t\t\t\t\t\t<div class=\"elementor-container elementor-column-gap-default\">\n\t\t\t\t\t<div class=\"elementor-column elementor-col-100 elementor-top-column elementor-element elementor-element-2f64488\" data-id=\"2f64488\" data-element_type=\"column\">\n\t\t\t<div class=\"elementor-widget-wrap elementor-element-populated\">\n\t\t\t\t\t\t\t\t<div class=\"elementor-element elementor-element-a7b2aeb elementor-widget elementor-widget-stepbooking\" data-id=\"a7b2aeb\" data-element_type=\"widget\" data-widget_type=\"stepbooking.default\">\n\t\t\t\t<div class=\"elementor-widget-container\">\n\t\t\t\n<script>\n  if (typeof hasAmeliaEntitiesApiCall === 'undefined' && '' === '') {\n    var hasAmeliaEntitiesApiCall = true;\n  }\n  var ameliaShortcodeData = (typeof ameliaShortcodeData === 'undefined') ? [] : ameliaShortcodeData;\n  ameliaShortcodeData.push(\n    {\n      'hasApiCall': (typeof hasAmeliaEntitiesApiCall !== 'undefined') && hasAmeliaEntitiesApiCall,\n      'trigger': '',\n      'trigger_type': '',\n      'show': '',\n      'counter': '1000',\n      'category': '',\n      'service': '',\n      'employee': '',\n      'location': '',\n      'package': ''\n    }\n  );\n  var ameliaShortcodeDataTriggered = (typeof ameliaShortcodeDataTriggered === 'undefined') ? [] : ameliaShortcodeDataTriggered;\n  if (ameliaShortcodeData[ameliaShortcodeData.length - 1].trigger !== '') {\n    ameliaShortcodeDataTriggered.push(ameliaShortcodeData.pop());\n  }\n  if (typeof hasAmeliaEntitiesApiCall !== 'undefined' && hasAmeliaEntitiesApiCall) {\n    hasAmeliaEntitiesApiCall = false;\n  }\n<\/script>\n\n<div id=\"amelia-v2-booking-1000\"\n     class=\"amelia-v2-booking\"\n>\n  <step-form-wrapper><\/step-form-wrapper>\n<\/div>\n\t\t<\/div>\n\t\t\t\t<\/div>\n\t\t\t\t\t<\/div>\n\t\t<\/div>\n\t\t\t\t\t\t\t<\/div>\n\t\t<\/section>\n\t\t\t\t<section class=\"elementor-section elementor-top-section elementor-element elementor-element-fdc542e elementor-section-boxed elementor-section-height-default elementor-section-height-default\" data-id=\"fdc542e\" data-element_type=\"section\">\n\t\t\t\t\t\t<div class=\"elementor-container elementor-column-gap-default\">\n\t\t\t\t\t<div class=\"elementor-column elementor-col-100 elementor-top-column elementor-element elementor-element-34e39c9\" data-id=\"34e39c9\" data-element_type=\"column\">\n\t\t\t<div class=\"elementor-widget-wrap elementor-element-populated\">\n\t\t\t\t\t\t\t\t<div class=\"elementor-element elementor-element-6808dfb elementor-widget elementor-widget-spacer\" data-id=\"6808dfb\" data-element_type=\"widget\" data-widget_type=\"spacer.default\">\n\t\t\t\t<div class=\"elementor-widget-container\">\n\t\t\t\t\t<div class=\"elementor-spacer\">\n\t\t\t<div class=\"elementor-spacer-inner\"><\/div>\n\t\t<\/div>\n\t\t\t\t<\/div>\n\t\t\t\t<\/div>\n\t\t\t\t\t<\/div>\n\t\t<\/div>\n\t\t\t\t\t\t\t<\/div>\n\t\t<\/section>\n\t\t\t\t\t\t\t<\/div>\n\t\t","protected":false},"excerpt":{"rendered":"<p>Ob\u021bine\u021bi o programare Cum s\u0103 mearg\u0103 Ob\u021bine\u021bi o programare Urmeaza pasii pentru a proceda la crearea unei noi intalniri, trebuie sa selectezi serviciul, datele tale personale si in final se va afisa costul total al serviciului dar in mod referential, pe care il poti plati in numerar consilierului sau printr-un link pe care consilierul v\u0103 [&hellip;]<\/p>\n","protected":false},"author":1,"featured_media":0,"parent":0,"menu_order":0,"comment_status":"closed","ping_status":"closed","template":"","meta":{"footnotes":""},"yoast_head":"<!-- This site is optimized with the Yoast SEO Premium plugin v20.9 (Yoast SEO v20.9) - https:\/\/yoast.com\/wordpress\/plugins\/seo\/ -->\n<title>Program\u0103ri - Asesor\u00eda Integral<\/title>\n<meta name=\"robots\" content=\"index, follow, max-snippet:-1, max-image-preview:large, max-video-preview:-1\" \/>\n<link rel=\"canonical\" href=\"https:\/\/a-asesoriaintegral.com\/obtener-una-cita\/\" \/>\n<meta property=\"og:locale\" content=\"ro_RO\" \/>\n<meta property=\"og:type\" content=\"article\" \/>\n<meta property=\"og:title\" content=\"Program\u0103ri\" \/>\n<meta property=\"og:description\" content=\"Ob\u021bine\u021bi o programare Cum s\u0103 mearg\u0103 Ob\u021bine\u021bi o programare Urmeaza pasii pentru a proceda la crearea unei noi intalniri, trebuie sa selectezi serviciul, datele tale personale si in final se va afisa costul total al serviciului dar in mod referential, pe care il poti plati in numerar consilierului sau printr-un link pe care consilierul v\u0103 [&hellip;]\" \/>\n<meta property=\"og:url\" content=\"https:\/\/a-asesoriaintegral.com\/obtener-una-cita\/\" \/>\n<meta property=\"og:site_name\" content=\"Asesor\u00eda Integral\" \/>\n<meta property=\"article:publisher\" content=\"https:\/\/www.facebook.com\/profile.php?id=100075953120073\" \/>\n<meta property=\"article:modified_time\" content=\"2023-07-19T19:03:59+00:00\" \/>\n<meta name=\"twitter:card\" content=\"summary_large_image\" \/>\n<script type=\"application\/ld+json\" class=\"yoast-schema-graph\">{\"@context\":\"https:\/\/schema.org\",\"@graph\":[{\"@type\":\"WebPage\",\"@id\":\"https:\/\/a-asesoriaintegral.com\/obtener-una-cita\/\",\"url\":\"https:\/\/a-asesoriaintegral.com\/obtener-una-cita\/\",\"name\":\"Program\u0103ri - Asesor\u00eda Integral\",\"isPartOf\":{\"@id\":\"https:\/\/a-asesoriaintegral.com\/en\/#website\"},\"datePublished\":\"2023-07-10T00:37:04+00:00\",\"dateModified\":\"2023-07-19T19:03:59+00:00\",\"breadcrumb\":{\"@id\":\"https:\/\/a-asesoriaintegral.com\/obtener-una-cita\/#breadcrumb\"},\"inLanguage\":\"ro-RO\",\"potentialAction\":[{\"@type\":\"ReadAction\",\"target\":[\"https:\/\/a-asesoriaintegral.com\/obtener-una-cita\/\"]}]},{\"@type\":\"BreadcrumbList\",\"@id\":\"https:\/\/a-asesoriaintegral.com\/obtener-una-cita\/#breadcrumb\",\"itemListElement\":[{\"@type\":\"ListItem\",\"position\":1,\"name\":\"Home\",\"item\":\"https:\/\/a-asesoriaintegral.com\/\"},{\"@type\":\"ListItem\",\"position\":2,\"name\":\"Program\u0103ri\"}]},{\"@type\":\"WebSite\",\"@id\":\"https:\/\/a-asesoriaintegral.com\/en\/#website\",\"url\":\"https:\/\/a-asesoriaintegral.com\/en\/\",\"name\":\"A-Asesor\u00eda Integral\",\"description\":\"Tr\u00e1mites al alcance de tu mano\",\"publisher\":{\"@id\":\"https:\/\/a-asesoriaintegral.com\/en\/#organization\"},\"potentialAction\":[{\"@type\":\"SearchAction\",\"target\":{\"@type\":\"EntryPoint\",\"urlTemplate\":\"https:\/\/a-asesoriaintegral.com\/en\/?s={search_term_string}\"},\"query-input\":\"required name=search_term_string\"}],\"inLanguage\":\"ro-RO\"},{\"@type\":\"Organization\",\"@id\":\"https:\/\/a-asesoriaintegral.com\/en\/#organization\",\"name\":\"A-Asesor\u00eda Integral\",\"url\":\"https:\/\/a-asesoriaintegral.com\/en\/\",\"logo\":{\"@type\":\"ImageObject\",\"inLanguage\":\"ro-RO\",\"@id\":\"https:\/\/a-asesoriaintegral.com\/en\/#\/schema\/logo\/image\/\",\"url\":\"https:\/\/a-asesoriaintegral.com\/wp-content\/uploads\/2021\/08\/logo-gris.png\",\"contentUrl\":\"https:\/\/a-asesoriaintegral.com\/wp-content\/uploads\/2021\/08\/logo-gris.png\",\"width\":248,\"height\":233,\"caption\":\"A-Asesor\u00eda Integral\"},\"image\":{\"@id\":\"https:\/\/a-asesoriaintegral.com\/en\/#\/schema\/logo\/image\/\"},\"sameAs\":[\"https:\/\/www.facebook.com\/profile.php?id=100075953120073\"]}]}<\/script>\n<!-- \/ Yoast SEO Premium plugin. -->","yoast_head_json":{"title":"Program\u0103ri - Asesor\u00eda Integral","robots":{"index":"index","follow":"follow","max-snippet":"max-snippet:-1","max-image-preview":"max-image-preview:large","max-video-preview":"max-video-preview:-1"},"canonical":"https:\/\/a-asesoriaintegral.com\/obtener-una-cita\/","og_locale":"ro_RO","og_type":"article","og_title":"Program\u0103ri","og_description":"Ob\u021bine\u021bi o programare Cum s\u0103 mearg\u0103 Ob\u021bine\u021bi o programare Urmeaza pasii pentru a proceda la crearea unei noi intalniri, trebuie sa selectezi serviciul, datele tale personale si in final se va afisa costul total al serviciului dar in mod referential, pe care il poti plati in numerar consilierului sau printr-un link pe care consilierul v\u0103 [&hellip;]","og_url":"https:\/\/a-asesoriaintegral.com\/obtener-una-cita\/","og_site_name":"Asesor\u00eda Integral","article_publisher":"https:\/\/www.facebook.com\/profile.php?id=100075953120073","article_modified_time":"2023-07-19T19:03:59+00:00","twitter_card":"summary_large_image","schema":{"@context":"https:\/\/schema.org","@graph":[{"@type":"WebPage","@id":"https:\/\/a-asesoriaintegral.com\/obtener-una-cita\/","url":"https:\/\/a-asesoriaintegral.com\/obtener-una-cita\/","name":"Program\u0103ri - Asesor\u00eda Integral","isPartOf":{"@id":"https:\/\/a-asesoriaintegral.com\/en\/#website"},"datePublished":"2023-07-10T00:37:04+00:00","dateModified":"2023-07-19T19:03:59+00:00","breadcrumb":{"@id":"https:\/\/a-asesoriaintegral.com\/obtener-una-cita\/#breadcrumb"},"inLanguage":"ro-RO","potentialAction":[{"@type":"ReadAction","target":["https:\/\/a-asesoriaintegral.com\/obtener-una-cita\/"]}]},{"@type":"BreadcrumbList","@id":"https:\/\/a-asesoriaintegral.com\/obtener-una-cita\/#breadcrumb","itemListElement":[{"@type":"ListItem","position":1,"name":"Home","item":"https:\/\/a-asesoriaintegral.com\/"},{"@type":"ListItem","position":2,"name":"Program\u0103ri"}]},{"@type":"WebSite","@id":"https:\/\/a-asesoriaintegral.com\/en\/#website","url":"https:\/\/a-asesoriaintegral.com\/en\/","name":"A-Asesor\u00eda Integral","description":"Tr\u00e1mites al alcance de tu mano","publisher":{"@id":"https:\/\/a-asesoriaintegral.com\/en\/#organization"},"potentialAction":[{"@type":"SearchAction","target":{"@type":"EntryPoint","urlTemplate":"https:\/\/a-asesoriaintegral.com\/en\/?s={search_term_string}"},"query-input":"required name=search_term_string"}],"inLanguage":"ro-RO"},{"@type":"Organization","@id":"https:\/\/a-asesoriaintegral.com\/en\/#organization","name":"A-Asesor\u00eda Integral","url":"https:\/\/a-asesoriaintegral.com\/en\/","logo":{"@type":"ImageObject","inLanguage":"ro-RO","@id":"https:\/\/a-asesoriaintegral.com\/en\/#\/schema\/logo\/image\/","url":"https:\/\/a-asesoriaintegral.com\/wp-content\/uploads\/2021\/08\/logo-gris.png","contentUrl":"https:\/\/a-asesoriaintegral.com\/wp-content\/uploads\/2021\/08\/logo-gris.png","width":248,"height":233,"caption":"A-Asesor\u00eda Integral"},"image":{"@id":"https:\/\/a-asesoriaintegral.com\/en\/#\/schema\/logo\/image\/"},"sameAs":["https:\/\/www.facebook.com\/profile.php?id=100075953120073"]}]}},"_links":{"self":[{"href":"https:\/\/a-asesoriaintegral.com\/ro\/wp-json\/wp\/v2\/pages\/3319"}],"collection":[{"href":"https:\/\/a-asesoriaintegral.com\/ro\/wp-json\/wp\/v2\/pages"}],"about":[{"href":"https:\/\/a-asesoriaintegral.com\/ro\/wp-json\/wp\/v2\/types\/page"}],"author":[{"embeddable":true,"href":"https:\/\/a-asesoriaintegral.com\/ro\/wp-json\/wp\/v2\/users\/1"}],"replies":[{"embeddable":true,"href":"https:\/\/a-asesoriaintegral.com\/ro\/wp-json\/wp\/v2\/comments?post=3319"}],"version-history":[{"count":7,"href":"https:\/\/a-asesoriaintegral.com\/ro\/wp-json\/wp\/v2\/pages\/3319\/revisions"}],"predecessor-version":[{"id":3648,"href":"https:\/\/a-asesoriaintegral.com\/ro\/wp-json\/wp\/v2\/pages\/3319\/revisions\/3648"}],"wp:attachment":[{"href":"https:\/\/a-asesoriaintegral.com\/ro\/wp-json\/wp\/v2\/media?parent=3319"}],"curies":[{"name":"wp","href":"https:\/\/api.w.org\/{rel}","templated":true}]}}