{"id":3332,"date":"2023-07-10T02:09:32","date_gmt":"2023-07-10T01:09:32","guid":{"rendered":"https:\/\/a-asesoriaintegral.com\/declaratie-de-accesibilitate\/"},"modified":"2023-09-12T04:41:29","modified_gmt":"2023-09-12T03:41:29","slug":"declaratie-de-accesibilitate","status":"publish","type":"page","link":"https:\/\/a-asesoriaintegral.com\/ro\/declaratie-de-accesibilitate\/","title":{"rendered":"Declara\u021bie de accesibilitate"},"content":{"rendered":"\t\t<div data-elementor-type=\"wp-page\" data-elementor-id=\"3332\" class=\"elementor elementor-3332 elementor-1809\">\n\t\t\t\t\t\t\t\t\t<section class=\"elementor-section elementor-top-section elementor-element elementor-element-cc8af21 elementor-section-boxed elementor-section-height-default elementor-section-height-default\" data-id=\"cc8af21\" data-element_type=\"section\" data-settings=\"{&quot;background_background&quot;:&quot;classic&quot;}\">\n\t\t\t\t\t\t<div class=\"elementor-container elementor-column-gap-default\">\n\t\t\t\t\t<div class=\"elementor-column elementor-col-100 elementor-top-column elementor-element elementor-element-1081aa2\" data-id=\"1081aa2\" data-element_type=\"column\">\n\t\t\t<div class=\"elementor-widget-wrap elementor-element-populated\">\n\t\t\t\t\t\t\t\t<div class=\"elementor-element elementor-element-c7f03a3 elementor-widget elementor-widget-gva-heading-block\" data-id=\"c7f03a3\" data-element_type=\"widget\" data-widget_type=\"gva-heading-block.default\">\n\t\t\t\t<div class=\"elementor-widget-container\">\n\t\t\t<div class=\"gva-element-gva-heading-block gva-element\">   <div class=\"align-center style-1 widget gsc-heading box-align-left auto-responsive\">\r\n      <div class=\"content-inner\">\r\n         \r\n         \r\n         \r\n           \r\n         \r\n                     <h2 class=\"title\">\r\n               <span>Declara\u021bia de Accesibilitate<\/span>\r\n            <\/h2>\r\n                  \r\n         \r\n      <\/div>\r\n   <\/div>\r\n<\/div>\t\t<\/div>\n\t\t\t\t<\/div>\n\t\t\t\t\t<\/div>\n\t\t<\/div>\n\t\t\t\t\t\t\t<\/div>\n\t\t<\/section>\n\t\t\t\t<section class=\"elementor-section elementor-top-section elementor-element elementor-element-5593ff6 elementor-section-boxed elementor-section-height-default elementor-section-height-default\" data-id=\"5593ff6\" data-element_type=\"section\">\n\t\t\t\t\t\t<div class=\"elementor-container elementor-column-gap-default\">\n\t\t\t\t\t<div class=\"elementor-column elementor-col-100 elementor-top-column elementor-element elementor-element-5dd45a5\" data-id=\"5dd45a5\" data-element_type=\"column\">\n\t\t\t<div class=\"elementor-widget-wrap elementor-element-populated\">\n\t\t\t\t\t\t\t\t<div class=\"elementor-element elementor-element-80797a6 elementor-widget elementor-widget-spacer\" data-id=\"80797a6\" data-element_type=\"widget\" data-widget_type=\"spacer.default\">\n\t\t\t\t<div class=\"elementor-widget-container\">\n\t\t\t<style>\/*! elementor - v3.14.0 - 26-06-2023 *\/\n.elementor-column .elementor-spacer-inner{height:var(--spacer-size)}.e-con{--container-widget-width:100%}.e-con-inner>.elementor-widget-spacer,.e-con>.elementor-widget-spacer{width:var(--container-widget-width,var(--spacer-size));--align-self:var(--container-widget-align-self,initial);--flex-shrink:0}.e-con-inner>.elementor-widget-spacer>.elementor-widget-container,.e-con-inner>.elementor-widget-spacer>.elementor-widget-container>.elementor-spacer,.e-con>.elementor-widget-spacer>.elementor-widget-container,.e-con>.elementor-widget-spacer>.elementor-widget-container>.elementor-spacer{height:100%}.e-con-inner>.elementor-widget-spacer>.elementor-widget-container>.elementor-spacer>.elementor-spacer-inner,.e-con>.elementor-widget-spacer>.elementor-widget-container>.elementor-spacer>.elementor-spacer-inner{height:var(--container-widget-height,var(--spacer-size))}<\/style>\t\t<div class=\"elementor-spacer\">\n\t\t\t<div class=\"elementor-spacer-inner\"><\/div>\n\t\t<\/div>\n\t\t\t\t<\/div>\n\t\t\t\t<\/div>\n\t\t\t\t\t<\/div>\n\t\t<\/div>\n\t\t\t\t\t\t\t<\/div>\n\t\t<\/section>\n\t\t\t\t<section class=\"elementor-section elementor-top-section elementor-element elementor-element-591f70b elementor-section-boxed elementor-section-height-default elementor-section-height-default\" data-id=\"591f70b\" data-element_type=\"section\">\n\t\t\t\t\t\t<div class=\"elementor-container elementor-column-gap-default\">\n\t\t\t\t\t<div class=\"elementor-column elementor-col-100 elementor-top-column elementor-element elementor-element-4ff0ff4\" data-id=\"4ff0ff4\" data-element_type=\"column\">\n\t\t\t<div class=\"elementor-widget-wrap elementor-element-populated\">\n\t\t\t\t\t\t\t\t<div class=\"elementor-element elementor-element-d5f9fcf elementor-widget elementor-widget-text-editor\" data-id=\"d5f9fcf\" data-element_type=\"widget\" data-widget_type=\"text-editor.default\">\n\t\t\t\t<div class=\"elementor-widget-container\">\n\t\t\t<style>\/*! elementor - v3.14.0 - 26-06-2023 *\/\n.elementor-widget-text-editor.elementor-drop-cap-view-stacked .elementor-drop-cap{background-color:#69727d;color:#fff}.elementor-widget-text-editor.elementor-drop-cap-view-framed .elementor-drop-cap{color:#69727d;border:3px solid;background-color:transparent}.elementor-widget-text-editor:not(.elementor-drop-cap-view-default) .elementor-drop-cap{margin-top:8px}.elementor-widget-text-editor:not(.elementor-drop-cap-view-default) .elementor-drop-cap-letter{width:1em;height:1em}.elementor-widget-text-editor .elementor-drop-cap{float:left;text-align:center;line-height:1;font-size:50px}.elementor-widget-text-editor .elementor-drop-cap-letter{display:inline-block}<\/style>\t\t\t\t<p><style>\n         table.w50 td { text-align: left;               width: 50%;            }            table {   text-align: left;             width: 100%;                margin-bottom: 36px;            }            table caption {  text-align: left;              background: #F1F3F4;                text-align: left;                font-weight: bold;                padding: 4px 8px;            }            table thead { text-align: left;               background: #F1F3F4;            }            table thead td {  text-align: left;              font-weight: bold;                padding: 4px 8px;            }            table tbody td { text-align: left;               border-bottom: 1px solid #F1F3F4;                line-height: 1.5;                padding: 4px 8px;            }            @media only screen and (max-width: 375px) {                table { text-align: left;                   display: block;                }                table thead, table tbody, table tr, table th {                    display: block;                    width: 100% !important;                }                table td {text-align: left;                    display: block;                    width: 100% !important;                    word-break: break-all;                }                table td:last-child:not(:first-child) {                    border-bottom: 5px solid #F1F3F4;                }            }<\/style><\/p><section id=\"main-content\" class=\"container-block\"><h1>Declara\u021bia de accesibilitate A-Asesoria Integral<\/h1><p><b>Rezultat:<\/b> <span class=\"red\">Conform par\u021bial <\/span><\/p><p>A-AsesoriaIntegral, sa angajat s\u0103 fac\u0103 site-ul s\u0103u accesibil \u00een conformitate cu <a href=\"https:\/\/www.boe.es\/boe\/dias\/2018\/09\/19\/pdfs\/BOE-A-2018-12699. pdf\">Decretul Regal 1112\/2018, din 7 septembrie<\/a>.<\/p><p>\u00cencep\u00e2nd cu 19\/07\/2023, echipa <a href=\"https:\/\/edict.tech\">Edict Technologies<\/a> a efectuat un audit de accesibilitate al site-ului <a href=\"https:\/\/a] - asesoriaintegral.com\">https:\/\/a-asesoriaintegral.com<\/a> urm\u00e2nd metodologia stabilit\u0103 \u00een standardul UNE-EN 301549:2022<\/p><p>Rezultatul auditului este <strong>conform par\u021bial<\/strong> cu RD 1112\/2018 \u0219i cu standardul UNE-EN 301549:2022 datorit\u0103 excep\u021biilor \u0219i lipsei de conformitate care sunt detaliate \u00een raportul desc\u0103rcabil.<\/p><table style=\"text-align: left;\"><tbody><tr><td colspan=\"2\">\u00a0<\/td><\/tr><\/tbody><tbody><tr><td>Conformitatea datelor<\/td><td>19\/07\/2023<\/td><\/tr><tr><td>Versiune<\/td><td>UNE-EN 301549:2022<\/td><\/tr><tr><td>Uri<\/td><td><a href=\"https:\/\/www.etsi.org\/deliver\/etsi_en\/301500_301599\/301549\/03.02.01_60\/en_301549v030201p.pdf\" target=\"_blank\" rel=\"noopener\">Desc\u0103rca\u021bi<\/a><\/td><\/tr><tr><td>Nivel de conformitate<\/td><td>AA<\/td><\/tr><\/tbody><\/table><table><tbody><tr><td>Sfera de aplicare a declara\u021biei<\/td><\/tr><\/tbody><tbody><tr><td>Tot con\u021binutul web-ului public<\/td><\/tr><\/tbody><\/table><table><tbody><tr><td colspan=\"3\">Exemplu Pagini<\/td><\/tr><tr><td><b>Titlu<\/b><\/td><td><b>Uri<\/b><\/td><\/tr><\/tbody><tbody><tr><td>Aici<\/td><td>https:\/\/a-asesoriaintegral.com<\/td><\/tr><tr><td>Serviciul de consiliere fiscal\u0103<\/td><td>https:\/\/a-asesoriaintegral.com\/servicio-asesoria-fiscal\/<\/td><\/tr><tr><td>Serviciul de consiliere montan\u0103<\/td><td>https:\/\/a-asesoriaintegral.com\/servicio-de-asesoria-laboral\/<\/td><\/tr><tr><td>Blog<\/td><td>https:\/\/a-asesoriaintegral.com\/blog\/<\/td><\/tr><tr><td>Contact<\/td><td>https:\/\/a-asesoriaintegral.com\/contacto\/<\/td><\/tr><tr><td>Politica de confiden\u021bialitate<\/td><td>https:\/\/a-asesoriaintegral.com\/politica-de-privacidad\/<\/td><\/tr><tr><td>Politica privat\u0103 privind cookie-urile<\/td><td>https:\/\/a-asesoriaintegral.com\/politica-de-cookies\/<\/td><\/tr><tr><td>Declara\u021bia de accesibilitate<\/td><td>https:\/\/a-asesoriaintegral.com\/declaracion-de-accesibilidad\/<\/td><\/tr><\/tbody><\/table><table><tbody><tr><td colspan=\"2\"><b>Tehnologii prezente<\/b><\/td><\/tr><\/tbody><tbody><tr><td>CSS<\/td><td>http:\/\/www.w3.org\/Style\/CSS\/specs\/<\/td><\/tr><tr><td>HTML5<\/td><td>http:\/\/www.w3.org\/TR\/html5\/<\/td><\/tr><tr><td>WAI-ARIA<\/td><td>https:\/\/www.w3.org\/TR\/wai-aria\/<\/td><\/tr><tr><td>WordPress<\/td><td>https:\/\/wordpress.com\/en\/<\/td><\/tr><tr><td>javascript<\/td><td>https:\/\/developer.mozilla.org\/es\/docs\/Web\/JavaScript<\/td><\/tr><\/tbody><\/table><table><tbody><tr><td><b>Instrumente folosite<\/b><\/td><\/tr><\/tbody><tbody><tr><td>Browser DevTools\/Inspector<\/td><\/tr><tr><td>Validare HTML<\/td><\/tr><tr><td>Numai tastatur\u0103<\/td><\/tr><tr><td>Cititor de ecran VoiceOver<\/td><\/tr><tr><td>Extensia browser WAVE<\/td><\/tr><tr><td>ZoomText Fusion<\/td><\/tr><\/tbody><\/table><table><tbody><tr><td><b>Agen\u021bi utilizatori angaja\u021bi<\/b><\/td><\/tr><\/tbody><tbody><tr><td>Chrome &#8211; Cele mai recente<\/td><\/tr><tr><td>Chrome pentru Android<\/td><\/tr><tr><td>Edge &#8211; Cel mai recent<\/td><\/tr><tr><td>Firefox &#8211; Cele mai recente<\/td><\/tr><\/tbody><\/table><p>&lt;sec\u021biune&gt;<\/p><h2>Contact<\/h2><p>Pute\u021bi face comunic\u0103ri despre cerin\u021bele de accesibilitate (articolul 10.2.a) din RD 1112\/2018, precum:<\/p><ul><li>Raporta\u021bi orice posibil\u0103 conformitate de c\u0103tre acest site web<\/li><li>Transmite\u021bi alte dificult\u0103\u021bi de acces la con\u021binut<\/li><li>Formula\u021bi orice alt\u0103 \u00eentrebare sau sugestie de \u00eembun\u0103t\u0103\u021bire \u00een ceea ce prive\u0219te accesibilitatea site-ului web<\/li><\/ul><p>Prin contul de e-mail <a href=\"mailto:asesoria.oficina.a@gmail.com\">asesoria.oficina.a@gmail.com<\/a><\/p><\/section>\t\t\t\t\t\t<\/div>\n\t\t\t\t<\/div>\n\t\t\t\t\t<\/div>\n\t\t<\/div>\n\t\t\t\t\t\t\t<\/div>\n\t\t<\/section>\n\t\t\t\t<section class=\"elementor-section elementor-top-section elementor-element elementor-element-cb8e950 elementor-section-boxed elementor-section-height-default elementor-section-height-default\" data-id=\"cb8e950\" data-element_type=\"section\">\n\t\t\t\t\t\t<div class=\"elementor-container elementor-column-gap-default\">\n\t\t\t\t\t<div class=\"elementor-column elementor-col-100 elementor-top-column elementor-element elementor-element-2c20bcc\" data-id=\"2c20bcc\" data-element_type=\"column\">\n\t\t\t<div class=\"elementor-widget-wrap elementor-element-populated\">\n\t\t\t\t\t\t\t\t<div class=\"elementor-element elementor-element-55cadaa elementor-widget elementor-widget-button\" data-id=\"55cadaa\" data-element_type=\"widget\" data-widget_type=\"button.default\">\n\t\t\t\t<div class=\"elementor-widget-container\">\n\t\t\t\t\t<div class=\"elementor-button-wrapper\">\n\t\t\t<a class=\"elementor-button elementor-button-link elementor-size-sm\" href=\"https:\/\/a-asesoriaintegral.com\/wp-content\/uploads\/2023\/08\/A-AsesoriaIntegral-Lighthouse-Navigation.pdf\" target=\"_blank\">\n\t\t\t\t\t\t<span class=\"elementor-button-content-wrapper\">\n\t\t\t\t\t\t<span class=\"elementor-button-text\">Descarcare<\/span>\n\t\t<\/span>\n\t\t\t\t\t<\/a>\n\t\t<\/div>\n\t\t\t\t<\/div>\n\t\t\t\t<\/div>\n\t\t\t\t\t<\/div>\n\t\t<\/div>\n\t\t\t\t\t\t\t<\/div>\n\t\t<\/section>\n\t\t\t\t<section class=\"elementor-section elementor-top-section elementor-element elementor-element-8dcea95 elementor-section-boxed elementor-section-height-default elementor-section-height-default\" data-id=\"8dcea95\" data-element_type=\"section\">\n\t\t\t\t\t\t<div class=\"elementor-container elementor-column-gap-default\">\n\t\t\t\t\t<div class=\"elementor-column elementor-col-100 elementor-top-column elementor-element elementor-element-8222954\" data-id=\"8222954\" data-element_type=\"column\">\n\t\t\t<div class=\"elementor-widget-wrap elementor-element-populated\">\n\t\t\t\t\t\t\t\t<div class=\"elementor-element elementor-element-61a84ac elementor-widget elementor-widget-spacer\" data-id=\"61a84ac\" data-element_type=\"widget\" data-widget_type=\"spacer.default\">\n\t\t\t\t<div class=\"elementor-widget-container\">\n\t\t\t\t\t<div class=\"elementor-spacer\">\n\t\t\t<div class=\"elementor-spacer-inner\"><\/div>\n\t\t<\/div>\n\t\t\t\t<\/div>\n\t\t\t\t<\/div>\n\t\t\t\t\t<\/div>\n\t\t<\/div>\n\t\t\t\t\t\t\t<\/div>\n\t\t<\/section>\n\t\t\t\t\t\t\t<\/div>\n\t\t","protected":false},"excerpt":{"rendered":"<p>Declara\u021bia de Accesibilitate Declara\u021bia de accesibilitate A-Asesoria Integral Rezultat: Conform par\u021bial A-AsesoriaIntegral, sa angajat s\u0103 fac\u0103 site-ul s\u0103u accesibil \u00een conformitate cu Decretul Regal 1112\/2018, din 7 septembrie. \u00cencep\u00e2nd cu 19\/07\/2023, echipa Edict Technologies a efectuat un audit de accesibilitate al site-ului https:\/\/a-asesoriaintegral.com urm\u00e2nd metodologia stabilit\u0103 \u00een standardul UNE-EN 301549:2022 Rezultatul auditului este conform par\u021bial [&hellip;]<\/p>\n","protected":false},"author":1,"featured_media":0,"parent":0,"menu_order":0,"comment_status":"closed","ping_status":"closed","template":"","meta":{"footnotes":""},"yoast_head":"<!-- This site is optimized with the Yoast SEO Premium plugin v20.9 (Yoast SEO v20.9) - https:\/\/yoast.com\/wordpress\/plugins\/seo\/ -->\n<title>Declara\u021bie de accesibilitate - Asesor\u00eda Integral<\/title>\n<meta name=\"robots\" content=\"index, follow, max-snippet:-1, max-image-preview:large, max-video-preview:-1\" \/>\n<link rel=\"canonical\" href=\"https:\/\/a-asesoriaintegral.com\/declaracion-de-accesibilidad\/\" \/>\n<meta property=\"og:locale\" content=\"ro_RO\" \/>\n<meta property=\"og:type\" content=\"article\" \/>\n<meta property=\"og:title\" content=\"Declara\u021bie de accesibilitate\" \/>\n<meta property=\"og:description\" content=\"Declara\u021bia de Accesibilitate Declara\u021bia de accesibilitate A-Asesoria Integral Rezultat: Conform par\u021bial A-AsesoriaIntegral, sa angajat s\u0103 fac\u0103 site-ul s\u0103u accesibil \u00een conformitate cu Decretul Regal 1112\/2018, din 7 septembrie. \u00cencep\u00e2nd cu 19\/07\/2023, echipa Edict Technologies a efectuat un audit de accesibilitate al site-ului https:\/\/a-asesoriaintegral.com urm\u00e2nd metodologia stabilit\u0103 \u00een standardul UNE-EN 301549:2022 Rezultatul auditului este conform par\u021bial [&hellip;]\" \/>\n<meta property=\"og:url\" content=\"https:\/\/a-asesoriaintegral.com\/declaracion-de-accesibilidad\/\" \/>\n<meta property=\"og:site_name\" content=\"Asesor\u00eda Integral\" \/>\n<meta property=\"article:publisher\" content=\"https:\/\/www.facebook.com\/profile.php?id=100075953120073\" \/>\n<meta property=\"article:modified_time\" content=\"2023-09-12T03:41:29+00:00\" \/>\n<meta name=\"twitter:card\" content=\"summary_large_image\" \/>\n<meta name=\"twitter:label1\" content=\"Timp estimat pentru citire\" \/>\n\t<meta name=\"twitter:data1\" content=\"2 minute\" \/>\n<script type=\"application\/ld+json\" class=\"yoast-schema-graph\">{\"@context\":\"https:\/\/schema.org\",\"@graph\":[{\"@type\":\"WebPage\",\"@id\":\"https:\/\/a-asesoriaintegral.com\/declaracion-de-accesibilidad\/\",\"url\":\"https:\/\/a-asesoriaintegral.com\/declaracion-de-accesibilidad\/\",\"name\":\"Declara\u021bie de accesibilitate - Asesor\u00eda Integral\",\"isPartOf\":{\"@id\":\"https:\/\/a-asesoriaintegral.com\/en\/#website\"},\"datePublished\":\"2023-07-10T01:09:32+00:00\",\"dateModified\":\"2023-09-12T03:41:29+00:00\",\"breadcrumb\":{\"@id\":\"https:\/\/a-asesoriaintegral.com\/declaracion-de-accesibilidad\/#breadcrumb\"},\"inLanguage\":\"ro-RO\",\"potentialAction\":[{\"@type\":\"ReadAction\",\"target\":[\"https:\/\/a-asesoriaintegral.com\/declaracion-de-accesibilidad\/\"]}]},{\"@type\":\"BreadcrumbList\",\"@id\":\"https:\/\/a-asesoriaintegral.com\/declaracion-de-accesibilidad\/#breadcrumb\",\"itemListElement\":[{\"@type\":\"ListItem\",\"position\":1,\"name\":\"Home\",\"item\":\"https:\/\/a-asesoriaintegral.com\/\"},{\"@type\":\"ListItem\",\"position\":2,\"name\":\"Declara\u021bie de accesibilitate\"}]},{\"@type\":\"WebSite\",\"@id\":\"https:\/\/a-asesoriaintegral.com\/en\/#website\",\"url\":\"https:\/\/a-asesoriaintegral.com\/en\/\",\"name\":\"A-Asesor\u00eda Integral\",\"description\":\"Tr\u00e1mites al alcance de tu mano\",\"publisher\":{\"@id\":\"https:\/\/a-asesoriaintegral.com\/en\/#organization\"},\"potentialAction\":[{\"@type\":\"SearchAction\",\"target\":{\"@type\":\"EntryPoint\",\"urlTemplate\":\"https:\/\/a-asesoriaintegral.com\/en\/?s={search_term_string}\"},\"query-input\":\"required name=search_term_string\"}],\"inLanguage\":\"ro-RO\"},{\"@type\":\"Organization\",\"@id\":\"https:\/\/a-asesoriaintegral.com\/en\/#organization\",\"name\":\"A-Asesor\u00eda Integral\",\"url\":\"https:\/\/a-asesoriaintegral.com\/en\/\",\"logo\":{\"@type\":\"ImageObject\",\"inLanguage\":\"ro-RO\",\"@id\":\"https:\/\/a-asesoriaintegral.com\/en\/#\/schema\/logo\/image\/\",\"url\":\"https:\/\/a-asesoriaintegral.com\/wp-content\/uploads\/2021\/08\/logo-gris.png\",\"contentUrl\":\"https:\/\/a-asesoriaintegral.com\/wp-content\/uploads\/2021\/08\/logo-gris.png\",\"width\":248,\"height\":233,\"caption\":\"A-Asesor\u00eda Integral\"},\"image\":{\"@id\":\"https:\/\/a-asesoriaintegral.com\/en\/#\/schema\/logo\/image\/\"},\"sameAs\":[\"https:\/\/www.facebook.com\/profile.php?id=100075953120073\"]}]}<\/script>\n<!-- \/ Yoast SEO Premium plugin. -->","yoast_head_json":{"title":"Declara\u021bie de accesibilitate - Asesor\u00eda Integral","robots":{"index":"index","follow":"follow","max-snippet":"max-snippet:-1","max-image-preview":"max-image-preview:large","max-video-preview":"max-video-preview:-1"},"canonical":"https:\/\/a-asesoriaintegral.com\/declaracion-de-accesibilidad\/","og_locale":"ro_RO","og_type":"article","og_title":"Declara\u021bie de accesibilitate","og_description":"Declara\u021bia de Accesibilitate Declara\u021bia de accesibilitate A-Asesoria Integral Rezultat: Conform par\u021bial A-AsesoriaIntegral, sa angajat s\u0103 fac\u0103 site-ul s\u0103u accesibil \u00een conformitate cu Decretul Regal 1112\/2018, din 7 septembrie. \u00cencep\u00e2nd cu 19\/07\/2023, echipa Edict Technologies a efectuat un audit de accesibilitate al site-ului https:\/\/a-asesoriaintegral.com urm\u00e2nd metodologia stabilit\u0103 \u00een standardul UNE-EN 301549:2022 Rezultatul auditului este conform par\u021bial [&hellip;]","og_url":"https:\/\/a-asesoriaintegral.com\/declaracion-de-accesibilidad\/","og_site_name":"Asesor\u00eda Integral","article_publisher":"https:\/\/www.facebook.com\/profile.php?id=100075953120073","article_modified_time":"2023-09-12T03:41:29+00:00","twitter_card":"summary_large_image","twitter_misc":{"Timp estimat pentru citire":"2 minute"},"schema":{"@context":"https:\/\/schema.org","@graph":[{"@type":"WebPage","@id":"https:\/\/a-asesoriaintegral.com\/declaracion-de-accesibilidad\/","url":"https:\/\/a-asesoriaintegral.com\/declaracion-de-accesibilidad\/","name":"Declara\u021bie de accesibilitate - Asesor\u00eda Integral","isPartOf":{"@id":"https:\/\/a-asesoriaintegral.com\/en\/#website"},"datePublished":"2023-07-10T01:09:32+00:00","dateModified":"2023-09-12T03:41:29+00:00","breadcrumb":{"@id":"https:\/\/a-asesoriaintegral.com\/declaracion-de-accesibilidad\/#breadcrumb"},"inLanguage":"ro-RO","potentialAction":[{"@type":"ReadAction","target":["https:\/\/a-asesoriaintegral.com\/declaracion-de-accesibilidad\/"]}]},{"@type":"BreadcrumbList","@id":"https:\/\/a-asesoriaintegral.com\/declaracion-de-accesibilidad\/#breadcrumb","itemListElement":[{"@type":"ListItem","position":1,"name":"Home","item":"https:\/\/a-asesoriaintegral.com\/"},{"@type":"ListItem","position":2,"name":"Declara\u021bie de accesibilitate"}]},{"@type":"WebSite","@id":"https:\/\/a-asesoriaintegral.com\/en\/#website","url":"https:\/\/a-asesoriaintegral.com\/en\/","name":"A-Asesor\u00eda Integral","description":"Tr\u00e1mites al alcance de tu mano","publisher":{"@id":"https:\/\/a-asesoriaintegral.com\/en\/#organization"},"potentialAction":[{"@type":"SearchAction","target":{"@type":"EntryPoint","urlTemplate":"https:\/\/a-asesoriaintegral.com\/en\/?s={search_term_string}"},"query-input":"required name=search_term_string"}],"inLanguage":"ro-RO"},{"@type":"Organization","@id":"https:\/\/a-asesoriaintegral.com\/en\/#organization","name":"A-Asesor\u00eda Integral","url":"https:\/\/a-asesoriaintegral.com\/en\/","logo":{"@type":"ImageObject","inLanguage":"ro-RO","@id":"https:\/\/a-asesoriaintegral.com\/en\/#\/schema\/logo\/image\/","url":"https:\/\/a-asesoriaintegral.com\/wp-content\/uploads\/2021\/08\/logo-gris.png","contentUrl":"https:\/\/a-asesoriaintegral.com\/wp-content\/uploads\/2021\/08\/logo-gris.png","width":248,"height":233,"caption":"A-Asesor\u00eda Integral"},"image":{"@id":"https:\/\/a-asesoriaintegral.com\/en\/#\/schema\/logo\/image\/"},"sameAs":["https:\/\/www.facebook.com\/profile.php?id=100075953120073"]}]}},"_links":{"self":[{"href":"https:\/\/a-asesoriaintegral.com\/ro\/wp-json\/wp\/v2\/pages\/3332"}],"collection":[{"href":"https:\/\/a-asesoriaintegral.com\/ro\/wp-json\/wp\/v2\/pages"}],"about":[{"href":"https:\/\/a-asesoriaintegral.com\/ro\/wp-json\/wp\/v2\/types\/page"}],"author":[{"embeddable":true,"href":"https:\/\/a-asesoriaintegral.com\/ro\/wp-json\/wp\/v2\/users\/1"}],"replies":[{"embeddable":true,"href":"https:\/\/a-asesoriaintegral.com\/ro\/wp-json\/wp\/v2\/comments?post=3332"}],"version-history":[{"count":8,"href":"https:\/\/a-asesoriaintegral.com\/ro\/wp-json\/wp\/v2\/pages\/3332\/revisions"}],"predecessor-version":[{"id":3863,"href":"https:\/\/a-asesoriaintegral.com\/ro\/wp-json\/wp\/v2\/pages\/3332\/revisions\/3863"}],"wp:attachment":[{"href":"https:\/\/a-asesoriaintegral.com\/ro\/wp-json\/wp\/v2\/media?parent=3332"}],"curies":[{"name":"wp","href":"https:\/\/api.w.org\/{rel}","templated":true}]}}