{"id":3338,"date":"2023-07-10T02:14:35","date_gmt":"2023-07-10T01:14:35","guid":{"rendered":"https:\/\/a-asesoriaintegral.com\/politica-de-confidentialitate\/"},"modified":"2023-07-10T02:22:16","modified_gmt":"2023-07-10T01:22:16","slug":"politica-de-confidentialitate","status":"publish","type":"page","link":"https:\/\/a-asesoriaintegral.com\/ro\/politica-de-confidentialitate\/","title":{"rendered":"Politica de confiden\u021bialitate"},"content":{"rendered":"\t\t<div data-elementor-type=\"wp-page\" data-elementor-id=\"3338\" class=\"elementor elementor-3338 elementor-2129\">\n\t\t\t\t\t\t\t\t\t<section class=\"elementor-section elementor-top-section elementor-element elementor-element-cc8af21 elementor-section-boxed elementor-section-height-default elementor-section-height-default\" data-id=\"cc8af21\" data-element_type=\"section\" data-settings=\"{&quot;background_background&quot;:&quot;classic&quot;}\">\n\t\t\t\t\t\t<div class=\"elementor-container elementor-column-gap-default\">\n\t\t\t\t\t<div class=\"elementor-column elementor-col-100 elementor-top-column elementor-element elementor-element-1081aa2\" data-id=\"1081aa2\" data-element_type=\"column\">\n\t\t\t<div class=\"elementor-widget-wrap elementor-element-populated\">\n\t\t\t\t\t\t\t\t<div class=\"elementor-element elementor-element-c7f03a3 elementor-widget elementor-widget-gva-heading-block\" data-id=\"c7f03a3\" data-element_type=\"widget\" data-widget_type=\"gva-heading-block.default\">\n\t\t\t\t<div class=\"elementor-widget-container\">\n\t\t\t<div class=\"gva-element-gva-heading-block gva-element\">   <div class=\"align-center style-1 widget gsc-heading box-align-left auto-responsive\">\r\n      <div class=\"content-inner\">\r\n         \r\n         \r\n         \r\n           \r\n         \r\n                     <h2 class=\"title\">\r\n               <span>Politica de Confiden\u021bialitate<\/span>\r\n            <\/h2>\r\n                  \r\n         \r\n      <\/div>\r\n   <\/div>\r\n<\/div>\t\t<\/div>\n\t\t\t\t<\/div>\n\t\t\t\t\t<\/div>\n\t\t<\/div>\n\t\t\t\t\t\t\t<\/div>\n\t\t<\/section>\n\t\t\t\t<section class=\"elementor-section elementor-top-section elementor-element elementor-element-5593ff6 elementor-section-boxed elementor-section-height-default elementor-section-height-default\" data-id=\"5593ff6\" data-element_type=\"section\">\n\t\t\t\t\t\t<div class=\"elementor-container elementor-column-gap-default\">\n\t\t\t\t\t<div class=\"elementor-column elementor-col-100 elementor-top-column elementor-element elementor-element-5dd45a5\" data-id=\"5dd45a5\" data-element_type=\"column\">\n\t\t\t<div class=\"elementor-widget-wrap elementor-element-populated\">\n\t\t\t\t\t\t\t\t<div class=\"elementor-element elementor-element-80797a6 elementor-widget elementor-widget-spacer\" data-id=\"80797a6\" data-element_type=\"widget\" data-widget_type=\"spacer.default\">\n\t\t\t\t<div class=\"elementor-widget-container\">\n\t\t\t<style>\/*! elementor - v3.14.0 - 26-06-2023 *\/\n.elementor-column .elementor-spacer-inner{height:var(--spacer-size)}.e-con{--container-widget-width:100%}.e-con-inner>.elementor-widget-spacer,.e-con>.elementor-widget-spacer{width:var(--container-widget-width,var(--spacer-size));--align-self:var(--container-widget-align-self,initial);--flex-shrink:0}.e-con-inner>.elementor-widget-spacer>.elementor-widget-container,.e-con-inner>.elementor-widget-spacer>.elementor-widget-container>.elementor-spacer,.e-con>.elementor-widget-spacer>.elementor-widget-container,.e-con>.elementor-widget-spacer>.elementor-widget-container>.elementor-spacer{height:100%}.e-con-inner>.elementor-widget-spacer>.elementor-widget-container>.elementor-spacer>.elementor-spacer-inner,.e-con>.elementor-widget-spacer>.elementor-widget-container>.elementor-spacer>.elementor-spacer-inner{height:var(--container-widget-height,var(--spacer-size))}<\/style>\t\t<div class=\"elementor-spacer\">\n\t\t\t<div class=\"elementor-spacer-inner\"><\/div>\n\t\t<\/div>\n\t\t\t\t<\/div>\n\t\t\t\t<\/div>\n\t\t\t\t\t<\/div>\n\t\t<\/div>\n\t\t\t\t\t\t\t<\/div>\n\t\t<\/section>\n\t\t\t\t<section class=\"elementor-section elementor-top-section elementor-element elementor-element-591f70b elementor-section-boxed elementor-section-height-default elementor-section-height-default\" data-id=\"591f70b\" data-element_type=\"section\">\n\t\t\t\t\t\t<div class=\"elementor-container elementor-column-gap-default\">\n\t\t\t\t\t<div class=\"elementor-column elementor-col-100 elementor-top-column elementor-element elementor-element-4ff0ff4\" data-id=\"4ff0ff4\" data-element_type=\"column\">\n\t\t\t<div class=\"elementor-widget-wrap elementor-element-populated\">\n\t\t\t\t\t\t\t\t<div class=\"elementor-element elementor-element-d5f9fcf elementor-widget elementor-widget-text-editor\" data-id=\"d5f9fcf\" data-element_type=\"widget\" data-widget_type=\"text-editor.default\">\n\t\t\t\t<div class=\"elementor-widget-container\">\n\t\t\t<style>\/*! elementor - v3.14.0 - 26-06-2023 *\/\n.elementor-widget-text-editor.elementor-drop-cap-view-stacked .elementor-drop-cap{background-color:#69727d;color:#fff}.elementor-widget-text-editor.elementor-drop-cap-view-framed .elementor-drop-cap{color:#69727d;border:3px solid;background-color:transparent}.elementor-widget-text-editor:not(.elementor-drop-cap-view-default) .elementor-drop-cap{margin-top:8px}.elementor-widget-text-editor:not(.elementor-drop-cap-view-default) .elementor-drop-cap-letter{width:1em;height:1em}.elementor-widget-text-editor .elementor-drop-cap{float:left;text-align:center;line-height:1;font-size:50px}.elementor-widget-text-editor .elementor-drop-cap-letter{display:inline-block}<\/style>\t\t\t\t<div class=\"entry-content\">\n<h2 class=\"wp-block-heading\">Despre noi<\/h2>\n<p>Adresa site-ului nostru este: https:\/\/a-asesoriaintegral.com<\/p>\n<h2 class=\"wp-block-heading\">Comentarii<\/h2>\n<p>C\u00e2nd vizitatorii las\u0103 comentarii pe site, colect\u0103m datele afi\u0219ate \u00een formularul de comentarii, precum \u0219i adresa IP a vizitatorului \u0219i \u0219irul de agent de utilizator al browserului pentru a ajuta la detectarea spam-ului.<\/p>\n<p>Un \u0219ir anonim creat din adresa dvs. de e-mail (numit \u0219i hash) poate fi furnizat serviciului Gravatar pentru a vedea dac\u0103 \u00eel utiliza\u021bi. Politica de confiden\u021bialitate pentru serviciul Gravatar este disponibil\u0103 aici: https:\/\/automattic.com\/privacy\/. Dup\u0103 aprobarea comentariului dvs., fotografia dvs. de profil este vizibil\u0103 publicului \u00een contextul comentariului dvs.<\/p>\n<h2 class=\"wp-block-heading\">Media<\/h2>\n<p>Dac\u0103 \u00eenc\u0103rca\u021bi imagini pe web, ar trebui s\u0103 evita\u021bi s\u0103 \u00eenc\u0103rca\u021bi imagini cu date despre loca\u021bie (GPS EXIF) incluse. Vizitatorii site-ului pot desc\u0103rca \u0219i extrage orice date despre loca\u021bie din imaginile de pe site.<\/p>\n<h2 class=\"wp-block-heading\">Cookie-uri<\/h2>\n<p>Dac\u0103 l\u0103sa\u021bi un comentariu pe site-ul nostru pute\u021bi alege s\u0103 v\u0103 salva\u021bi numele, adresa de e-mail \u0219i site-ul web \u00een cookie-uri. Acest lucru este pentru confortul dvs., a\u0219a c\u0103 nu trebuie s\u0103 v\u0103 completa\u021bi din nou datele c\u00e2nd l\u0103sa\u021bi un alt comentariu. Aceste cookie-uri vor dura un an.<\/p>\n<p>Dac\u0103 ave\u021bi un cont \u0219i v\u0103 conecta\u021bi la acest site, vom seta un cookie temporar pentru a determina dac\u0103 browserul dumneavoastr\u0103 accept\u0103 cookie-uri. Acest cookie nu con\u021bine date personale \u0219i este \u0219ters atunci c\u00e2nd \u00eenchide\u021bi browserul.<\/p>\n<p>C\u00e2nd v\u0103 conecta\u021bi, vom seta \u0219i diverse module cookie pentru a v\u0103 salva informa\u021biile de conectare \u0219i op\u021biunile de afi\u0219are pe ecran. Cookie-urile de acces dureaz\u0103 dou\u0103 zile, iar modulele cookie de op\u021biuni de ecran dureaz\u0103 un an. Dac\u0103 selecta\u021bi \u201eRe\u021bine-m\u0103\u201d, accesul t\u0103u va persista timp de dou\u0103 s\u0103pt\u0103m\u00e2ni. Dac\u0103 v\u0103 deconecta\u021bi de la contul dvs., cookie-urile de acces vor fi eliminate.<\/p>\n<p>Dac\u0103 edita\u021bi sau publica\u021bi un articol, un cookie suplimentar va fi stocat \u00een browser. Acest cookie nu include date personale \u0219i indic\u0103 pur \u0219i simplu ID-ul articolului pe care tocmai l-a\u021bi editat. Expir\u0103 dup\u0103 1 zi.<\/p>\n<h2 class=\"wp-block-heading\">Con\u021binut \u00eencorporat de pe alte site-uri web<\/h2>\n<p>Articolele de pe acest site pot include con\u021binut \u00eencorporat (de exemplu, videoclipuri, imagini, articole etc.). Con\u021binutul \u00eencorporat de pe alte site-uri web se comport\u0103 exact \u00een acela\u0219i mod ca \u0219i cum vizitatorul ar fi vizitat cel\u0103lalt site web.<\/p>\n<p>Aceste site-uri web pot colecta date despre dvs., pot utiliza cookie-uri, pot \u00eencorpora urm\u0103rire suplimentar\u0103 de la ter\u021bi \u0219i v\u0103 pot monitoriza interac\u021biunea cu acel con\u021binut \u00eencorporat, inclusiv urm\u0103rirea interac\u021biunii dvs. cu con\u021binutul \u00eencorporat dac\u0103 ave\u021bi un cont \u0219i sunte\u021bi conectat la acel site web.<\/p>\n<h2 class=\"wp-block-heading\">Cui \u00eemp\u0103rt\u0103\u0219im datele dvs.<\/h2>\n<p>Dac\u0103 solicita\u021bi o resetare a parolei, adresa dvs. IP va fi inclus\u0103 \u00een e-mailul de resetare.<\/p>\n<h2 class=\"wp-block-heading\">C\u00e2t timp p\u0103str\u0103m datele dvs.<\/h2>\n<p>Dac\u0103 l\u0103sa\u021bi un comentariu, comentariul \u0219i metadatele sale sunt p\u0103strate pe termen nelimitat. Acest lucru este astfel \u00eenc\u00e2t s\u0103 putem recunoa\u0219te \u0219i aproba automat comentariile ulterioare, \u00een loc s\u0103 le \u021binem \u00eentr-o coad\u0103 de moderare.<\/p>\n<p>Pentru utilizatorii care se \u00eenregistreaz\u0103 pe site-ul nostru web (dac\u0103 exist\u0103), stoc\u0103m \u0219i informa\u021biile personale pe care le furnizeaz\u0103 \u00een profilul lor de utilizator. To\u021bi utilizatorii \u00ee\u0219i pot vizualiza, edita sau \u0219terge informa\u021biile personale \u00een orice moment (cu excep\u021bia faptului c\u0103 nu \u00ee\u0219i pot schimba numele de utilizator). De asemenea, administratorii web pot vizualiza \u0219i edita acele informa\u021bii.<\/p>\n<h2 class=\"wp-block-heading\">Ce drepturi ave\u021bi asupra datelor dvs.<\/h2>\n<p>Dac\u0103 ave\u021bi un cont sau a\u021bi l\u0103sat comentarii pe acest site, pute\u021bi solicita s\u0103 primi\u021bi un fi\u0219ier exportat cu datele personale pe care le de\u021binem despre dumneavoastr\u0103, inclusiv orice date pe care ni le-a\u021bi furnizat. De asemenea, pute\u021bi solicita s\u0103 \u0219tergem toate datele personale pe care le de\u021binem despre dumneavoastr\u0103. Aceasta nu include date pe care suntem obliga\u021bi s\u0103 le p\u0103str\u0103m \u00een scopuri administrative, legale sau de securitate.<\/p>\n<h2 class=\"wp-block-heading\">Unde sunt trimise datele dvs.<\/h2>\n<p>Comentariile vizitatorilor pot fi verificate de un serviciu automat de detectare a spam-ului.<\/p>\n<\/div>\n\t\t\t\t\t\t<\/div>\n\t\t\t\t<\/div>\n\t\t\t\t\t<\/div>\n\t\t<\/div>\n\t\t\t\t\t\t\t<\/div>\n\t\t<\/section>\n\t\t\t\t<section class=\"elementor-section elementor-top-section elementor-element elementor-element-8dcea95 elementor-section-boxed elementor-section-height-default elementor-section-height-default\" data-id=\"8dcea95\" data-element_type=\"section\">\n\t\t\t\t\t\t<div class=\"elementor-container elementor-column-gap-default\">\n\t\t\t\t\t<div class=\"elementor-column elementor-col-100 elementor-top-column elementor-element elementor-element-8222954\" data-id=\"8222954\" data-element_type=\"column\">\n\t\t\t<div class=\"elementor-widget-wrap elementor-element-populated\">\n\t\t\t\t\t\t\t\t<div class=\"elementor-element elementor-element-61a84ac elementor-widget elementor-widget-spacer\" data-id=\"61a84ac\" data-element_type=\"widget\" data-widget_type=\"spacer.default\">\n\t\t\t\t<div class=\"elementor-widget-container\">\n\t\t\t\t\t<div class=\"elementor-spacer\">\n\t\t\t<div class=\"elementor-spacer-inner\"><\/div>\n\t\t<\/div>\n\t\t\t\t<\/div>\n\t\t\t\t<\/div>\n\t\t\t\t\t<\/div>\n\t\t<\/div>\n\t\t\t\t\t\t\t<\/div>\n\t\t<\/section>\n\t\t\t\t\t\t\t<\/div>\n\t\t","protected":false},"excerpt":{"rendered":"<p>Politica de Confiden\u021bialitate Despre noi Adresa site-ului nostru este: https:\/\/a-asesoriaintegral.com Comentarii C\u00e2nd vizitatorii las\u0103 comentarii pe site, colect\u0103m datele afi\u0219ate \u00een formularul de comentarii, precum \u0219i adresa IP a vizitatorului \u0219i \u0219irul de agent de utilizator al browserului pentru a ajuta la detectarea spam-ului. Un \u0219ir anonim creat din adresa dvs. de e-mail (numit \u0219i [&hellip;]<\/p>\n","protected":false},"author":1,"featured_media":0,"parent":0,"menu_order":0,"comment_status":"closed","ping_status":"closed","template":"","meta":{"footnotes":""},"yoast_head":"<!-- This site is optimized with the Yoast SEO Premium plugin v20.9 (Yoast SEO v20.9) - https:\/\/yoast.com\/wordpress\/plugins\/seo\/ -->\n<title>Politica de confiden\u021bialitate - Asesor\u00eda Integral<\/title>\n<meta name=\"robots\" content=\"index, follow, max-snippet:-1, max-image-preview:large, max-video-preview:-1\" \/>\n<link rel=\"canonical\" href=\"https:\/\/a-asesoriaintegral.com\/politica-de-privacidad\/\" \/>\n<meta property=\"og:locale\" content=\"ro_RO\" \/>\n<meta property=\"og:type\" content=\"article\" \/>\n<meta property=\"og:title\" content=\"Politica de confiden\u021bialitate\" \/>\n<meta property=\"og:description\" content=\"Politica de Confiden\u021bialitate Despre noi Adresa site-ului nostru este: https:\/\/a-asesoriaintegral.com Comentarii C\u00e2nd vizitatorii las\u0103 comentarii pe site, colect\u0103m datele afi\u0219ate \u00een formularul de comentarii, precum \u0219i adresa IP a vizitatorului \u0219i \u0219irul de agent de utilizator al browserului pentru a ajuta la detectarea spam-ului. Un \u0219ir anonim creat din adresa dvs. de e-mail (numit \u0219i [&hellip;]\" \/>\n<meta property=\"og:url\" content=\"https:\/\/a-asesoriaintegral.com\/politica-de-privacidad\/\" \/>\n<meta property=\"og:site_name\" content=\"Asesor\u00eda Integral\" \/>\n<meta property=\"article:publisher\" content=\"https:\/\/www.facebook.com\/profile.php?id=100075953120073\" \/>\n<meta property=\"article:modified_time\" content=\"2023-07-10T01:22:16+00:00\" \/>\n<meta name=\"twitter:card\" content=\"summary_large_image\" \/>\n<meta name=\"twitter:label1\" content=\"Timp estimat pentru citire\" \/>\n\t<meta name=\"twitter:data1\" content=\"4 minute\" \/>\n<script type=\"application\/ld+json\" class=\"yoast-schema-graph\">{\"@context\":\"https:\/\/schema.org\",\"@graph\":[{\"@type\":\"WebPage\",\"@id\":\"https:\/\/a-asesoriaintegral.com\/politica-de-privacidad\/\",\"url\":\"https:\/\/a-asesoriaintegral.com\/politica-de-privacidad\/\",\"name\":\"Politica de confiden\u021bialitate - Asesor\u00eda Integral\",\"isPartOf\":{\"@id\":\"https:\/\/a-asesoriaintegral.com\/en\/#website\"},\"datePublished\":\"2023-07-10T01:14:35+00:00\",\"dateModified\":\"2023-07-10T01:22:16+00:00\",\"breadcrumb\":{\"@id\":\"https:\/\/a-asesoriaintegral.com\/politica-de-privacidad\/#breadcrumb\"},\"inLanguage\":\"ro-RO\",\"potentialAction\":[{\"@type\":\"ReadAction\",\"target\":[\"https:\/\/a-asesoriaintegral.com\/politica-de-privacidad\/\"]}]},{\"@type\":\"BreadcrumbList\",\"@id\":\"https:\/\/a-asesoriaintegral.com\/politica-de-privacidad\/#breadcrumb\",\"itemListElement\":[{\"@type\":\"ListItem\",\"position\":1,\"name\":\"Home\",\"item\":\"https:\/\/a-asesoriaintegral.com\/\"},{\"@type\":\"ListItem\",\"position\":2,\"name\":\"Politica de confiden\u021bialitate\"}]},{\"@type\":\"WebSite\",\"@id\":\"https:\/\/a-asesoriaintegral.com\/en\/#website\",\"url\":\"https:\/\/a-asesoriaintegral.com\/en\/\",\"name\":\"A-Asesor\u00eda Integral\",\"description\":\"Tr\u00e1mites al alcance de tu mano\",\"publisher\":{\"@id\":\"https:\/\/a-asesoriaintegral.com\/en\/#organization\"},\"potentialAction\":[{\"@type\":\"SearchAction\",\"target\":{\"@type\":\"EntryPoint\",\"urlTemplate\":\"https:\/\/a-asesoriaintegral.com\/en\/?s={search_term_string}\"},\"query-input\":\"required name=search_term_string\"}],\"inLanguage\":\"ro-RO\"},{\"@type\":\"Organization\",\"@id\":\"https:\/\/a-asesoriaintegral.com\/en\/#organization\",\"name\":\"A-Asesor\u00eda Integral\",\"url\":\"https:\/\/a-asesoriaintegral.com\/en\/\",\"logo\":{\"@type\":\"ImageObject\",\"inLanguage\":\"ro-RO\",\"@id\":\"https:\/\/a-asesoriaintegral.com\/en\/#\/schema\/logo\/image\/\",\"url\":\"https:\/\/a-asesoriaintegral.com\/wp-content\/uploads\/2021\/08\/logo-gris.png\",\"contentUrl\":\"https:\/\/a-asesoriaintegral.com\/wp-content\/uploads\/2021\/08\/logo-gris.png\",\"width\":248,\"height\":233,\"caption\":\"A-Asesor\u00eda Integral\"},\"image\":{\"@id\":\"https:\/\/a-asesoriaintegral.com\/en\/#\/schema\/logo\/image\/\"},\"sameAs\":[\"https:\/\/www.facebook.com\/profile.php?id=100075953120073\"]}]}<\/script>\n<!-- \/ Yoast SEO Premium plugin. -->","yoast_head_json":{"title":"Politica de confiden\u021bialitate - Asesor\u00eda Integral","robots":{"index":"index","follow":"follow","max-snippet":"max-snippet:-1","max-image-preview":"max-image-preview:large","max-video-preview":"max-video-preview:-1"},"canonical":"https:\/\/a-asesoriaintegral.com\/politica-de-privacidad\/","og_locale":"ro_RO","og_type":"article","og_title":"Politica de confiden\u021bialitate","og_description":"Politica de Confiden\u021bialitate Despre noi Adresa site-ului nostru este: https:\/\/a-asesoriaintegral.com Comentarii C\u00e2nd vizitatorii las\u0103 comentarii pe site, colect\u0103m datele afi\u0219ate \u00een formularul de comentarii, precum \u0219i adresa IP a vizitatorului \u0219i \u0219irul de agent de utilizator al browserului pentru a ajuta la detectarea spam-ului. Un \u0219ir anonim creat din adresa dvs. de e-mail (numit \u0219i [&hellip;]","og_url":"https:\/\/a-asesoriaintegral.com\/politica-de-privacidad\/","og_site_name":"Asesor\u00eda Integral","article_publisher":"https:\/\/www.facebook.com\/profile.php?id=100075953120073","article_modified_time":"2023-07-10T01:22:16+00:00","twitter_card":"summary_large_image","twitter_misc":{"Timp estimat pentru citire":"4 minute"},"schema":{"@context":"https:\/\/schema.org","@graph":[{"@type":"WebPage","@id":"https:\/\/a-asesoriaintegral.com\/politica-de-privacidad\/","url":"https:\/\/a-asesoriaintegral.com\/politica-de-privacidad\/","name":"Politica de confiden\u021bialitate - Asesor\u00eda Integral","isPartOf":{"@id":"https:\/\/a-asesoriaintegral.com\/en\/#website"},"datePublished":"2023-07-10T01:14:35+00:00","dateModified":"2023-07-10T01:22:16+00:00","breadcrumb":{"@id":"https:\/\/a-asesoriaintegral.com\/politica-de-privacidad\/#breadcrumb"},"inLanguage":"ro-RO","potentialAction":[{"@type":"ReadAction","target":["https:\/\/a-asesoriaintegral.com\/politica-de-privacidad\/"]}]},{"@type":"BreadcrumbList","@id":"https:\/\/a-asesoriaintegral.com\/politica-de-privacidad\/#breadcrumb","itemListElement":[{"@type":"ListItem","position":1,"name":"Home","item":"https:\/\/a-asesoriaintegral.com\/"},{"@type":"ListItem","position":2,"name":"Politica de confiden\u021bialitate"}]},{"@type":"WebSite","@id":"https:\/\/a-asesoriaintegral.com\/en\/#website","url":"https:\/\/a-asesoriaintegral.com\/en\/","name":"A-Asesor\u00eda Integral","description":"Tr\u00e1mites al alcance de tu mano","publisher":{"@id":"https:\/\/a-asesoriaintegral.com\/en\/#organization"},"potentialAction":[{"@type":"SearchAction","target":{"@type":"EntryPoint","urlTemplate":"https:\/\/a-asesoriaintegral.com\/en\/?s={search_term_string}"},"query-input":"required name=search_term_string"}],"inLanguage":"ro-RO"},{"@type":"Organization","@id":"https:\/\/a-asesoriaintegral.com\/en\/#organization","name":"A-Asesor\u00eda Integral","url":"https:\/\/a-asesoriaintegral.com\/en\/","logo":{"@type":"ImageObject","inLanguage":"ro-RO","@id":"https:\/\/a-asesoriaintegral.com\/en\/#\/schema\/logo\/image\/","url":"https:\/\/a-asesoriaintegral.com\/wp-content\/uploads\/2021\/08\/logo-gris.png","contentUrl":"https:\/\/a-asesoriaintegral.com\/wp-content\/uploads\/2021\/08\/logo-gris.png","width":248,"height":233,"caption":"A-Asesor\u00eda Integral"},"image":{"@id":"https:\/\/a-asesoriaintegral.com\/en\/#\/schema\/logo\/image\/"},"sameAs":["https:\/\/www.facebook.com\/profile.php?id=100075953120073"]}]}},"_links":{"self":[{"href":"https:\/\/a-asesoriaintegral.com\/ro\/wp-json\/wp\/v2\/pages\/3338"}],"collection":[{"href":"https:\/\/a-asesoriaintegral.com\/ro\/wp-json\/wp\/v2\/pages"}],"about":[{"href":"https:\/\/a-asesoriaintegral.com\/ro\/wp-json\/wp\/v2\/types\/page"}],"author":[{"embeddable":true,"href":"https:\/\/a-asesoriaintegral.com\/ro\/wp-json\/wp\/v2\/users\/1"}],"replies":[{"embeddable":true,"href":"https:\/\/a-asesoriaintegral.com\/ro\/wp-json\/wp\/v2\/comments?post=3338"}],"version-history":[{"count":9,"href":"https:\/\/a-asesoriaintegral.com\/ro\/wp-json\/wp\/v2\/pages\/3338\/revisions"}],"predecessor-version":[{"id":3349,"href":"https:\/\/a-asesoriaintegral.com\/ro\/wp-json\/wp\/v2\/pages\/3338\/revisions\/3349"}],"wp:attachment":[{"href":"https:\/\/a-asesoriaintegral.com\/ro\/wp-json\/wp\/v2\/media?parent=3338"}],"curies":[{"name":"wp","href":"https:\/\/api.w.org\/{rel}","templated":true}]}}