{"id":3350,"date":"2023-07-10T02:24:24","date_gmt":"2023-07-10T01:24:24","guid":{"rendered":"https:\/\/a-asesoriaintegral.com\/politica-de-cookie\/"},"modified":"2023-07-10T02:28:53","modified_gmt":"2023-07-10T01:28:53","slug":"politica-de-cookie","status":"publish","type":"page","link":"https:\/\/a-asesoriaintegral.com\/ro\/politica-de-cookie\/","title":{"rendered":"Politica de Cookie"},"content":{"rendered":"\t\t<div data-elementor-type=\"wp-page\" data-elementor-id=\"3350\" class=\"elementor elementor-3350 elementor-2138\">\n\t\t\t\t\t\t\t\t\t<section class=\"elementor-section elementor-top-section elementor-element elementor-element-cc8af21 elementor-section-boxed elementor-section-height-default elementor-section-height-default\" data-id=\"cc8af21\" data-element_type=\"section\" data-settings=\"{&quot;background_background&quot;:&quot;classic&quot;}\">\n\t\t\t\t\t\t<div class=\"elementor-container elementor-column-gap-default\">\n\t\t\t\t\t<div class=\"elementor-column elementor-col-100 elementor-top-column elementor-element elementor-element-1081aa2\" data-id=\"1081aa2\" data-element_type=\"column\">\n\t\t\t<div class=\"elementor-widget-wrap elementor-element-populated\">\n\t\t\t\t\t\t\t\t<div class=\"elementor-element elementor-element-c7f03a3 elementor-widget elementor-widget-gva-heading-block\" data-id=\"c7f03a3\" data-element_type=\"widget\" data-widget_type=\"gva-heading-block.default\">\n\t\t\t\t<div class=\"elementor-widget-container\">\n\t\t\t<div class=\"gva-element-gva-heading-block gva-element\">   <div class=\"align-center style-1 widget gsc-heading box-align-left auto-responsive\">\r\n      <div class=\"content-inner\">\r\n         \r\n         \r\n         \r\n           \r\n         \r\n                     <h2 class=\"title\">\r\n               <span>Politica de Cookie-uri<\/span>\r\n            <\/h2>\r\n                  \r\n         \r\n      <\/div>\r\n   <\/div>\r\n<\/div>\t\t<\/div>\n\t\t\t\t<\/div>\n\t\t\t\t\t<\/div>\n\t\t<\/div>\n\t\t\t\t\t\t\t<\/div>\n\t\t<\/section>\n\t\t\t\t<section class=\"elementor-section elementor-top-section elementor-element elementor-element-5593ff6 elementor-section-boxed elementor-section-height-default elementor-section-height-default\" data-id=\"5593ff6\" data-element_type=\"section\">\n\t\t\t\t\t\t<div class=\"elementor-container elementor-column-gap-default\">\n\t\t\t\t\t<div class=\"elementor-column elementor-col-100 elementor-top-column elementor-element elementor-element-5dd45a5\" data-id=\"5dd45a5\" data-element_type=\"column\">\n\t\t\t<div class=\"elementor-widget-wrap elementor-element-populated\">\n\t\t\t\t\t\t\t\t<div class=\"elementor-element elementor-element-80797a6 elementor-widget elementor-widget-spacer\" data-id=\"80797a6\" data-element_type=\"widget\" data-widget_type=\"spacer.default\">\n\t\t\t\t<div class=\"elementor-widget-container\">\n\t\t\t<style>\/*! elementor - v3.14.0 - 26-06-2023 *\/\n.elementor-column .elementor-spacer-inner{height:var(--spacer-size)}.e-con{--container-widget-width:100%}.e-con-inner>.elementor-widget-spacer,.e-con>.elementor-widget-spacer{width:var(--container-widget-width,var(--spacer-size));--align-self:var(--container-widget-align-self,initial);--flex-shrink:0}.e-con-inner>.elementor-widget-spacer>.elementor-widget-container,.e-con-inner>.elementor-widget-spacer>.elementor-widget-container>.elementor-spacer,.e-con>.elementor-widget-spacer>.elementor-widget-container,.e-con>.elementor-widget-spacer>.elementor-widget-container>.elementor-spacer{height:100%}.e-con-inner>.elementor-widget-spacer>.elementor-widget-container>.elementor-spacer>.elementor-spacer-inner,.e-con>.elementor-widget-spacer>.elementor-widget-container>.elementor-spacer>.elementor-spacer-inner{height:var(--container-widget-height,var(--spacer-size))}<\/style>\t\t<div class=\"elementor-spacer\">\n\t\t\t<div class=\"elementor-spacer-inner\"><\/div>\n\t\t<\/div>\n\t\t\t\t<\/div>\n\t\t\t\t<\/div>\n\t\t\t\t\t<\/div>\n\t\t<\/div>\n\t\t\t\t\t\t\t<\/div>\n\t\t<\/section>\n\t\t\t\t<section class=\"elementor-section elementor-top-section elementor-element elementor-element-591f70b elementor-section-boxed elementor-section-height-default elementor-section-height-default\" data-id=\"591f70b\" data-element_type=\"section\">\n\t\t\t\t\t\t<div class=\"elementor-container elementor-column-gap-default\">\n\t\t\t\t\t<div class=\"elementor-column elementor-col-100 elementor-top-column elementor-element elementor-element-4ff0ff4\" data-id=\"4ff0ff4\" data-element_type=\"column\">\n\t\t\t<div class=\"elementor-widget-wrap elementor-element-populated\">\n\t\t\t\t\t\t\t\t<div class=\"elementor-element elementor-element-d5f9fcf elementor-widget elementor-widget-text-editor\" data-id=\"d5f9fcf\" data-element_type=\"widget\" data-widget_type=\"text-editor.default\">\n\t\t\t\t<div class=\"elementor-widget-container\">\n\t\t\t<style>\/*! elementor - v3.14.0 - 26-06-2023 *\/\n.elementor-widget-text-editor.elementor-drop-cap-view-stacked .elementor-drop-cap{background-color:#69727d;color:#fff}.elementor-widget-text-editor.elementor-drop-cap-view-framed .elementor-drop-cap{color:#69727d;border:3px solid;background-color:transparent}.elementor-widget-text-editor:not(.elementor-drop-cap-view-default) .elementor-drop-cap{margin-top:8px}.elementor-widget-text-editor:not(.elementor-drop-cap-view-default) .elementor-drop-cap-letter{width:1em;height:1em}.elementor-widget-text-editor .elementor-drop-cap{float:left;text-align:center;line-height:1;font-size:50px}.elementor-widget-text-editor .elementor-drop-cap-letter{display:inline-block}<\/style>\t\t\t\t<div>\n<h2><span lang=\"ro\"><span><span>Politica de Cookie-uri<\/span><\/span><\/span><\/h2>\n<div>\n<p>Acest site web folose\u0219te cookie-uri.<br>LSSI \u00eei oblig\u0103 pe cei responsabili pentru paginile web s\u0103 informeze \u0219i s\u0103 solicite consim\u021b\u0103m\u00e2ntul utilizatorului pentru utilizarea cookie-urilor, de\u0219i nu toate cookie-urile au nevoie de acordul utilizatorului pentru a fi utilizate.<br>Obiectivul acestei pagini web este de a v\u0103 oferi informa\u021bii despre utilizarea cookie-urilor pe acest site, astfel \u00eenc\u00e2t s\u0103 v\u0103 pute\u021bi da acordul pentru utilizarea cookie-urilor cu informa\u021bii \u00een acest sens.<\/p>\n<h2>Cum v\u0103 vom cere acordul pentru utilizarea cookie-urilor pe site-ul nostru?<\/h2>\n<p>Prima dat\u0103 c\u00e2nd accesa\u021bi site-ul nostru web ve\u021bi vedea un banner sau un fel de reclam\u0103 cu un text care spune: \u00abAcest site web folose\u0219te cookie-uri. Dac\u0103 continua\u021bi s\u0103 naviga\u021bi \u00een\u021belegem c\u0103 accepta\u021bi utilizarea acestora (ap\u0103sa\u021bi butonul \u201ede acord\u201d). Mai multe informa\u021bii despre cookie-uri.\u00bb Din acel moment v\u0103 decide\u021bi dac\u0103 dori\u021bi s\u0103 continua\u021bi s\u0103 naviga\u021bi pe site-ul nostru sau dac\u0103 prefera\u021bi s\u0103 pleca\u021bi pentru c\u0103 nu dori\u021bi cookie-uri.<\/p>\n<h2>Ce sunt cookie-urile?<\/h2>\n<p>Cookie-urile sunt fi\u0219iere mici pe care paginile web pe care le vizita\u021bi le trimit \u0219i le stocheaz\u0103 pe computerul dumneavoastr\u0103. Cookie-urile sunt stocate \u00een directorul de fi\u0219iere al browserului dumneavoastr\u0103.<\/p>\n<h2>Pentru ce sunt folosite cookie-urile?<\/h2>\n<p>Cookie-urile sunt folosite pentru a personaliza si a facilita pe cat posibil navigarea Utilizatorului. Cookie-urile sunt asociate doar cu un Utilizator anonim \u0219i computerul acestuia \u0219i nu ofer\u0103 referin\u021be care s\u0103 permit\u0103 deducerea datelor personale ale Utilizatorului.<\/p>\n<h2>Sunt cookie-urile periculoase?<\/h2>\n<p>Nu.<\/p>\n<p>Cookie-urile sunt buc\u0103\u021bi mici de text. Nu sunt programe de calculator care pot fi executate ca cod. Acesta este un exemplu de con\u021binut al unui cookie tipic:<\/p>\n<p>HMP1 1 hotmail.msn.com\/ 0 1715191808<br>32107852 1236821008 29449527 *<br>Codul are sens doar pentru serverele MSN Hotmail ale Microsoft.<br>Cookie-urile nu pot fi folosite pentru a r\u0103sp\u00e2ndi viru\u0219i.<br>Cookie-urile sunt stocate pe hard disk-ul computerului \u0219i nu pot citi alte informa\u021bii \u00eenregistrate pe hard disk.<br>\u00cen plus, browserele web ofer\u0103 utilizatorilor instrumente pentru a controla utilizarea cookie-urilor.<\/p>\n<h2>Ce tipuri de cookie-uri sunt utilizate \u00een mod obi\u0219nuit?<\/h2>\n<p>Putem face diferite clasific\u0103ri ale cookie-urilor care sunt folosite<\/p>\n<p><strong>1.-Din punct de vedere al consim\u021b\u0103m\u00e2ntului utilizatorului, \u00eei putem clasifica:<\/strong><br>Cookie-uri strict necesare, care nu necesit\u0103 consim\u021b\u0103m\u00e2ntul utilizatorului<br>Sunt cookie-uri utilizate \u00een oricare dintre urm\u0103toarele scopuri:<br>Permite\u021bi doar comunicarea \u00eentre computerul utilizatorului \u0219i re\u021bea.<br>Furniza\u021bi strict un serviciu solicitat \u00een mod expres de c\u0103tre utilizator.<br>\u00cen acest sens, Grupul de Lucru al Articolului 29 \u00een Avizul s\u0103u 4\/20123 a interpretat c\u0103 printre cookie-urile exceptate s-ar num\u0103ra acelea al c\u0103ror scop este:<\/p>\n<p>Cookie-uri de intrare de utilizator<br>Cookie-uri de autentificare sau de identificare a utilizatorului (numai sesiune)<br>Cookie-uri pentru securitatea utilizatorului<br>Cookie-uri de sesiune media player<br>Cookie-uri de sesiune pentru echilibrarea \u00eenc\u0103rc\u0103turii<br>Cookie-uri de personalizare a interfe\u021bei cu utilizatorul<br>Plug-in cookie-uri pentru a face schimb de con\u021binut social<br>Cookie-uri care necesit\u0103 consim\u021b\u0103m\u00e2ntul utilizatorului<br>Sunt restul cookie-urilor neincluse \u00een sec\u021biunea anterioar\u0103<\/p>\n<p><strong>2.- Din punctul de vedere al scopului pentru care sunt utilizate:<\/strong><br>cookie-uri tehnice<br>Cookie-uri de personalizare<br>Cookie-uri de analiz\u0103<br>cookie-uri de publicitate<br>Cookie-uri de publicitate comportamental\u0103<\/p>\n<p><strong>3.-\u00cen func\u021bie de timpul \u00een care r\u0103m\u00e2n active pe computerul utilizatorului<\/strong><br>cookie-uri de sesiune<br>cookie-uri persistente<\/p>\n<p><strong>4.-\u00cen func\u021bie de entitatea care le gestioneaz\u0103<\/strong><br>Cookie-uri proprii: Sunt cele care sunt trimise c\u0103tre echipamentul terminal al utilizatorului de pe un computer sau domeniu administrat chiar de editor \u0219i de la care este furnizat serviciul solicitat de utilizator.<br>Cookie-uri de la ter\u021bi: Sunt cele care sunt trimise c\u0103tre echipamentul terminal al utilizatorului de pe un computer sau domeniu care nu este administrat de editor, ci de o alt\u0103 entitate care prelucreaz\u0103 datele ob\u021binute prin cookie-uri.<br>\u00cen cazul \u00een care cookie-urile sunt instalate de pe un computer sau domeniu administrat de editorul \u00eensu\u0219i, dar informa\u021biile colectate prin intermediul acestora sunt gestionate de o ter\u021b\u0103 parte, acestea nu pot fi considerate cookie-uri proprietare.<\/p>\n<h2>Ce fel de cookie-uri folose\u0219te acest site web?<\/h2>\n<p>Acest site folose\u0219te:<br>Cookie-uri tehnice strict necesare pentru buna functionare a site-ului nostru.<br>De exemplu, cookie-urile necesare \u00eenregistr\u0103rii utilizatorilor, pentru gestionarea co\u0219ului de cump\u0103r\u0103turi<br>Cookie-uri WordPress pentru a facilita navigarea utilizatorului prin site-ul nostru web<br>Cookie-uri Paypal pentru a gestiona plata comenzilor<br>Cookie-uri sociale necesare pentru re\u021belele sociale externe<br>Cookie-uri de analiz\u0103. Acestea sunt cookie-uri legate de Google Analytics.<\/p>\n<p>Mai multe informa\u021bii despre cookie-urile Google Analytics<br><a href=\"https:\/\/developers.google.com\/analytics\/devguides\/collection\/analyticsjs\/cookie-usage\">https:\/\/developers.google.com\/analytics\/devguides\/collection\/analyticsjs\/cookie-usage&lt; \/a&gt;<\/a><\/p>\n<h2>Cum pot fi gestionate\/blocate cookie-urile \u00een browsere?<\/h2>\n<p>Toate browserele v\u0103 permit s\u0103 gestiona\u021bi confiden\u021bialitatea \u0219i utilizarea cookie-urilor, ajung\u00e2nd p\u00e2n\u0103 la a putea bloca utilizarea cookie-urilor.<br>Ata\u0219\u0103m link-uri cu informa\u021bii pentru diferite tipuri de browsere<\/p>\n<p>Google Chrome<\/p>\n<p><a href=\"https:\/\/support.google.com\/chrome\/answer\/95647?hl=ro\">https:\/\/support.google.com\/chrome\/answer\/95647?hl=ro<\/a><\/p>\n<p><a href=\"https:\/\/support.google.com\/chrome\/answer\/95647?hl=ro\">Firefox<\/a><\/p>\n<p><a href=\"http:\/\/support.mozilla.org\/en\/kb\/privacy-settings-nav-history?redirectlocale=en&amp;as=u&amp;redirectslug=Window+Options+-+ Panel+Privacy\">http:\/ \/support.mozilla.org\/es\/kb\/configuracion-de-la-privacidad-el-historial-de-nav?redirectlocale=es&amp;as=u&amp;redirectslug=Window+Options+-+ Dashboard+Privacy<\/a><a href=\"https:\/\/support.google.com\/chrome\/answer\/95647?hl=ro\"><br><\/a><a href=\"http:\/\/support.mozilla.org\/es\/kb\/cookies-information-that-websites-store-en-?redirectlocale=en-US&amp;redirectslug=Cookies\">http:\/\/support.mozilla .org\/es\/kb\/cookies-information-that-websites-store-in-?redirectlocale=en-US&amp;redirectslug=Cookies<\/a><\/p>\n<p><a href=\"https:\/\/support.google.com\/chrome\/answer\/95647?hl=ro\">Internet Explorer <\/a><a href=\"http:\/\/support.mozilla.org\/es\/kb\/cookies-information-that-websites-store-en-?redirectlocale=en-US&amp;redirectslug=Cookies\">http :\/\/windows .microsoft.com\/es-ES\/windows7\/How-to-manage-cookies-in-Internet-Explorer-9<\/a><\/p>\n<p><a href=\"https:\/\/support.google.com\/chrome\/answer\/95647?hl=ro\">Safari http:\/\/support.apple.com\/kb\/PH5042<br><\/a><\/p>\n<p><a href=\"https:\/\/support.google.com\/chrome\/answer\/95647?hl=ro\">Google a dezvoltat un program suplimentar de renun\u021bare la Google Analytics pentru browsere pe care \u00eel pute\u021bi accesa la urm\u0103torul link: <\/a><a href=\"https:\/\/tools.google.com\/dlpage\/gaoptout\">https:\/\/tools.google .com \/dlpage\/gaoptout<\/a><\/p>\n<h2>Mai multe informa\u021bii despre cookie-uri<\/h2>\n<p>Ghid AEPD privind utilizarea cookie-urilor<\/p>\n<p><a href=\"http:\/\/www.agpd.es\/portalwebAGPD\/canaldocumentacion\/publicaciones\/common\/Guias\/Guia_Cookies.pdf%3C\/a%3E\">http:\/\/www.agpd.es\/portalwebAGPD\/canaldocumentacion\/ publications\/common\/Guides\/Guide_Cookies.pdf<\/a><\/p>\n<p>O pagin\u0103 web cu multe informa\u021bii despre cookie-uri este:<\/p>\n<p><a href=\"http:\/\/www.aboutcookies.org\/default.aspx\">http:\/\/www.aboutcookies.org\/default.aspx<\/a><\/p>\n<\/div>\n<\/div>\t\t\t\t\t\t<\/div>\n\t\t\t\t<\/div>\n\t\t\t\t\t<\/div>\n\t\t<\/div>\n\t\t\t\t\t\t\t<\/div>\n\t\t<\/section>\n\t\t\t\t<section class=\"elementor-section elementor-top-section elementor-element elementor-element-8dcea95 elementor-section-boxed elementor-section-height-default elementor-section-height-default\" data-id=\"8dcea95\" data-element_type=\"section\">\n\t\t\t\t\t\t<div class=\"elementor-container elementor-column-gap-default\">\n\t\t\t\t\t<div class=\"elementor-column elementor-col-100 elementor-top-column elementor-element elementor-element-8222954\" data-id=\"8222954\" data-element_type=\"column\">\n\t\t\t<div class=\"elementor-widget-wrap elementor-element-populated\">\n\t\t\t\t\t\t\t\t<div class=\"elementor-element elementor-element-61a84ac elementor-widget elementor-widget-spacer\" data-id=\"61a84ac\" data-element_type=\"widget\" data-widget_type=\"spacer.default\">\n\t\t\t\t<div class=\"elementor-widget-container\">\n\t\t\t\t\t<div class=\"elementor-spacer\">\n\t\t\t<div class=\"elementor-spacer-inner\"><\/div>\n\t\t<\/div>\n\t\t\t\t<\/div>\n\t\t\t\t<\/div>\n\t\t\t\t\t<\/div>\n\t\t<\/div>\n\t\t\t\t\t\t\t<\/div>\n\t\t<\/section>\n\t\t\t\t\t\t\t<\/div>\n\t\t","protected":false},"excerpt":{"rendered":"<p>Politica de Cookie-uri Politica de Cookie-uri Acest site web folose\u0219te cookie-uri.LSSI \u00eei oblig\u0103 pe cei responsabili pentru paginile web s\u0103 informeze \u0219i s\u0103 solicite consim\u021b\u0103m\u00e2ntul utilizatorului pentru utilizarea cookie-urilor, de\u0219i nu toate cookie-urile au nevoie de acordul utilizatorului pentru a fi utilizate.Obiectivul acestei pagini web este de a v\u0103 oferi informa\u021bii despre utilizarea cookie-urilor pe [&hellip;]<\/p>\n","protected":false},"author":1,"featured_media":0,"parent":0,"menu_order":0,"comment_status":"closed","ping_status":"closed","template":"","meta":{"footnotes":""},"yoast_head":"<!-- This site is optimized with the Yoast SEO Premium plugin v20.9 (Yoast SEO v20.9) - https:\/\/yoast.com\/wordpress\/plugins\/seo\/ -->\n<title>Politica de Cookie - Asesor\u00eda Integral<\/title>\n<meta name=\"robots\" content=\"index, follow, max-snippet:-1, max-image-preview:large, max-video-preview:-1\" \/>\n<link rel=\"canonical\" href=\"https:\/\/a-asesoriaintegral.com\/politica-de-cookies\/\" \/>\n<meta property=\"og:locale\" content=\"ro_RO\" \/>\n<meta property=\"og:type\" content=\"article\" \/>\n<meta property=\"og:title\" content=\"Politica de Cookie\" \/>\n<meta property=\"og:description\" content=\"Politica de Cookie-uri Politica de Cookie-uri Acest site web folose\u0219te cookie-uri.LSSI \u00eei oblig\u0103 pe cei responsabili pentru paginile web s\u0103 informeze \u0219i s\u0103 solicite consim\u021b\u0103m\u00e2ntul utilizatorului pentru utilizarea cookie-urilor, de\u0219i nu toate cookie-urile au nevoie de acordul utilizatorului pentru a fi utilizate.Obiectivul acestei pagini web este de a v\u0103 oferi informa\u021bii despre utilizarea cookie-urilor pe [&hellip;]\" \/>\n<meta property=\"og:url\" content=\"https:\/\/a-asesoriaintegral.com\/politica-de-cookies\/\" \/>\n<meta property=\"og:site_name\" content=\"Asesor\u00eda Integral\" \/>\n<meta property=\"article:publisher\" content=\"https:\/\/www.facebook.com\/profile.php?id=100075953120073\" \/>\n<meta property=\"article:modified_time\" content=\"2023-07-10T01:28:53+00:00\" \/>\n<meta name=\"twitter:card\" content=\"summary_large_image\" \/>\n<meta name=\"twitter:label1\" content=\"Timp estimat pentru citire\" \/>\n\t<meta name=\"twitter:data1\" content=\"5 minute\" \/>\n<script type=\"application\/ld+json\" class=\"yoast-schema-graph\">{\"@context\":\"https:\/\/schema.org\",\"@graph\":[{\"@type\":\"WebPage\",\"@id\":\"https:\/\/a-asesoriaintegral.com\/politica-de-cookies\/\",\"url\":\"https:\/\/a-asesoriaintegral.com\/politica-de-cookies\/\",\"name\":\"Politica de Cookie - Asesor\u00eda Integral\",\"isPartOf\":{\"@id\":\"https:\/\/a-asesoriaintegral.com\/en\/#website\"},\"datePublished\":\"2023-07-10T01:24:24+00:00\",\"dateModified\":\"2023-07-10T01:28:53+00:00\",\"breadcrumb\":{\"@id\":\"https:\/\/a-asesoriaintegral.com\/politica-de-cookies\/#breadcrumb\"},\"inLanguage\":\"ro-RO\",\"potentialAction\":[{\"@type\":\"ReadAction\",\"target\":[\"https:\/\/a-asesoriaintegral.com\/politica-de-cookies\/\"]}]},{\"@type\":\"BreadcrumbList\",\"@id\":\"https:\/\/a-asesoriaintegral.com\/politica-de-cookies\/#breadcrumb\",\"itemListElement\":[{\"@type\":\"ListItem\",\"position\":1,\"name\":\"Home\",\"item\":\"https:\/\/a-asesoriaintegral.com\/\"},{\"@type\":\"ListItem\",\"position\":2,\"name\":\"Politica de Cookie\"}]},{\"@type\":\"WebSite\",\"@id\":\"https:\/\/a-asesoriaintegral.com\/en\/#website\",\"url\":\"https:\/\/a-asesoriaintegral.com\/en\/\",\"name\":\"A-Asesor\u00eda Integral\",\"description\":\"Tr\u00e1mites al alcance de tu mano\",\"publisher\":{\"@id\":\"https:\/\/a-asesoriaintegral.com\/en\/#organization\"},\"potentialAction\":[{\"@type\":\"SearchAction\",\"target\":{\"@type\":\"EntryPoint\",\"urlTemplate\":\"https:\/\/a-asesoriaintegral.com\/en\/?s={search_term_string}\"},\"query-input\":\"required name=search_term_string\"}],\"inLanguage\":\"ro-RO\"},{\"@type\":\"Organization\",\"@id\":\"https:\/\/a-asesoriaintegral.com\/en\/#organization\",\"name\":\"A-Asesor\u00eda Integral\",\"url\":\"https:\/\/a-asesoriaintegral.com\/en\/\",\"logo\":{\"@type\":\"ImageObject\",\"inLanguage\":\"ro-RO\",\"@id\":\"https:\/\/a-asesoriaintegral.com\/en\/#\/schema\/logo\/image\/\",\"url\":\"https:\/\/a-asesoriaintegral.com\/wp-content\/uploads\/2021\/08\/logo-gris.png\",\"contentUrl\":\"https:\/\/a-asesoriaintegral.com\/wp-content\/uploads\/2021\/08\/logo-gris.png\",\"width\":248,\"height\":233,\"caption\":\"A-Asesor\u00eda Integral\"},\"image\":{\"@id\":\"https:\/\/a-asesoriaintegral.com\/en\/#\/schema\/logo\/image\/\"},\"sameAs\":[\"https:\/\/www.facebook.com\/profile.php?id=100075953120073\"]}]}<\/script>\n<!-- \/ Yoast SEO Premium plugin. -->","yoast_head_json":{"title":"Politica de Cookie - Asesor\u00eda Integral","robots":{"index":"index","follow":"follow","max-snippet":"max-snippet:-1","max-image-preview":"max-image-preview:large","max-video-preview":"max-video-preview:-1"},"canonical":"https:\/\/a-asesoriaintegral.com\/politica-de-cookies\/","og_locale":"ro_RO","og_type":"article","og_title":"Politica de Cookie","og_description":"Politica de Cookie-uri Politica de Cookie-uri Acest site web folose\u0219te cookie-uri.LSSI \u00eei oblig\u0103 pe cei responsabili pentru paginile web s\u0103 informeze \u0219i s\u0103 solicite consim\u021b\u0103m\u00e2ntul utilizatorului pentru utilizarea cookie-urilor, de\u0219i nu toate cookie-urile au nevoie de acordul utilizatorului pentru a fi utilizate.Obiectivul acestei pagini web este de a v\u0103 oferi informa\u021bii despre utilizarea cookie-urilor pe [&hellip;]","og_url":"https:\/\/a-asesoriaintegral.com\/politica-de-cookies\/","og_site_name":"Asesor\u00eda Integral","article_publisher":"https:\/\/www.facebook.com\/profile.php?id=100075953120073","article_modified_time":"2023-07-10T01:28:53+00:00","twitter_card":"summary_large_image","twitter_misc":{"Timp estimat pentru citire":"5 minute"},"schema":{"@context":"https:\/\/schema.org","@graph":[{"@type":"WebPage","@id":"https:\/\/a-asesoriaintegral.com\/politica-de-cookies\/","url":"https:\/\/a-asesoriaintegral.com\/politica-de-cookies\/","name":"Politica de Cookie - Asesor\u00eda Integral","isPartOf":{"@id":"https:\/\/a-asesoriaintegral.com\/en\/#website"},"datePublished":"2023-07-10T01:24:24+00:00","dateModified":"2023-07-10T01:28:53+00:00","breadcrumb":{"@id":"https:\/\/a-asesoriaintegral.com\/politica-de-cookies\/#breadcrumb"},"inLanguage":"ro-RO","potentialAction":[{"@type":"ReadAction","target":["https:\/\/a-asesoriaintegral.com\/politica-de-cookies\/"]}]},{"@type":"BreadcrumbList","@id":"https:\/\/a-asesoriaintegral.com\/politica-de-cookies\/#breadcrumb","itemListElement":[{"@type":"ListItem","position":1,"name":"Home","item":"https:\/\/a-asesoriaintegral.com\/"},{"@type":"ListItem","position":2,"name":"Politica de Cookie"}]},{"@type":"WebSite","@id":"https:\/\/a-asesoriaintegral.com\/en\/#website","url":"https:\/\/a-asesoriaintegral.com\/en\/","name":"A-Asesor\u00eda Integral","description":"Tr\u00e1mites al alcance de tu mano","publisher":{"@id":"https:\/\/a-asesoriaintegral.com\/en\/#organization"},"potentialAction":[{"@type":"SearchAction","target":{"@type":"EntryPoint","urlTemplate":"https:\/\/a-asesoriaintegral.com\/en\/?s={search_term_string}"},"query-input":"required name=search_term_string"}],"inLanguage":"ro-RO"},{"@type":"Organization","@id":"https:\/\/a-asesoriaintegral.com\/en\/#organization","name":"A-Asesor\u00eda Integral","url":"https:\/\/a-asesoriaintegral.com\/en\/","logo":{"@type":"ImageObject","inLanguage":"ro-RO","@id":"https:\/\/a-asesoriaintegral.com\/en\/#\/schema\/logo\/image\/","url":"https:\/\/a-asesoriaintegral.com\/wp-content\/uploads\/2021\/08\/logo-gris.png","contentUrl":"https:\/\/a-asesoriaintegral.com\/wp-content\/uploads\/2021\/08\/logo-gris.png","width":248,"height":233,"caption":"A-Asesor\u00eda Integral"},"image":{"@id":"https:\/\/a-asesoriaintegral.com\/en\/#\/schema\/logo\/image\/"},"sameAs":["https:\/\/www.facebook.com\/profile.php?id=100075953120073"]}]}},"_links":{"self":[{"href":"https:\/\/a-asesoriaintegral.com\/ro\/wp-json\/wp\/v2\/pages\/3350"}],"collection":[{"href":"https:\/\/a-asesoriaintegral.com\/ro\/wp-json\/wp\/v2\/pages"}],"about":[{"href":"https:\/\/a-asesoriaintegral.com\/ro\/wp-json\/wp\/v2\/types\/page"}],"author":[{"embeddable":true,"href":"https:\/\/a-asesoriaintegral.com\/ro\/wp-json\/wp\/v2\/users\/1"}],"replies":[{"embeddable":true,"href":"https:\/\/a-asesoriaintegral.com\/ro\/wp-json\/wp\/v2\/comments?post=3350"}],"version-history":[{"count":8,"href":"https:\/\/a-asesoriaintegral.com\/ro\/wp-json\/wp\/v2\/pages\/3350\/revisions"}],"predecessor-version":[{"id":3358,"href":"https:\/\/a-asesoriaintegral.com\/ro\/wp-json\/wp\/v2\/pages\/3350\/revisions\/3358"}],"wp:attachment":[{"href":"https:\/\/a-asesoriaintegral.com\/ro\/wp-json\/wp\/v2\/media?parent=3350"}],"curies":[{"name":"wp","href":"https:\/\/api.w.org\/{rel}","templated":true}]}}