{"id":3331,"date":"2023-07-10T01:54:30","date_gmt":"2023-07-10T00:54:30","guid":{"rendered":"https:\/\/a-asesoriaintegral.com\/producto\/serviciu-a-asesoria-integral\/"},"modified":"2023-11-23T16:56:49","modified_gmt":"2023-11-23T15:56:49","slug":"serviciu-a-asesoria-integral","status":"publish","type":"product","link":"https:\/\/a-asesoriaintegral.com\/ro\/producto\/serviciu-a-asesoria-integral\/","title":{"rendered":"Serviciu A-Asesor\u00eda Integral"},"content":{"rendered":"<p>Servicii oferite de A-Asesor\u00eda Integral<\/p>\n<div class=\"elementor-element elementor-element-7da0091 animated-fast elementor-widget elementor-widget-gva-heading-block animat fadeInUp\" data-id=\"7da0091\" data-element_type=\"widget\" data-settings=\" {\" data-widget_type=\"gva-heading-block.default\">\n<div class=\"elementor-widget-container\">\n<div class=\"gva-element-gva-heading-block gva-element\">\n<div class=\"align-left style-1 widget gsc-heading box-align-left auto-responsive\">\n<div class=\"content-inner\">\n<h2 class=\"title\">A &#8211; Asesor\u00eda Integral<\/h2>\n<\/div>\n<\/div>\n<\/div>\n<\/div>\n<\/div>\n<div class=\"elementor-element elementor-element-a20a695 elementor-position-left elementor-vertical-align-middle icon-box-left elementor-view-default elementor-mobile-position-top elementor-widget elementor-widget-icon -box\" data-id=\"a20a695\" data-element_type=\"widget\" data-widget_type=\"icon-box.default\">\n<div class=\"elementor-widget-container\">\n<div class=\"elementor-icon-box-wrapper\">\n<div class=\"elementor-icon-box-content\">\n<h3 class=\"elementor-icon-box-title\">Proceduri la \u00eendem\u00e2n\u0103<\/h3>\n<p class=\"elementor-icon-box-description\">Juridic, fiscal, de munc\u0103, administrativ, imigrare, comercial, contabilitate&#8230;<\/p>\n<\/div>\n<\/div>\n<\/div>\n<\/div>\n","protected":false},"excerpt":{"rendered":"<div class=\"elementor-element elementor-element-7da0091 animated-fast elementor-widget elementor-widget-gva-heading-block animat fadeInUp\" data-id=\"7da0091\" data-element_type=\"widget\" data-settings=\" {\" data-widget_type=\"gva-heading-block.default\">\n<div class=\"elementor-widget-container\">\n<div class=\"gva-element-gva-heading-block gva-element\">\n<div class=\"align-left style-1 widget gsc-heading box-align-left auto-responsive\">\n<div class=\"content-inner\">\n<h2 class=\"title\">A &#8211; Asesor\u00eda Integral<\/h2>\n<\/div>\n<\/div>\n<\/div>\n<\/div>\n<\/div>\n<div class=\"elementor-element elementor-element-a20a695 elementor-position-left elementor-vertical-align-middle icon-box-left elementor-view-default elementor-mobile-position-top elementor-widget elementor-widget-icon -box\" data-id=\"a20a695\" data-element_type=\"widget\" data-widget_type=\"icon-box.default\">\n<div class=\"elementor-widget-container\">\n<div class=\"elementor-icon-box-wrapper\">\n<div class=\"elementor-icon-box-content\">\n<h3 class=\"elementor-icon-box-title\">Proceduri la \u00eendem\u00e2n\u0103<\/h3>\n<p class=\"elementor-icon-box-description\">Juridic, fiscal, de munc\u0103, administrativ, imigrare, comercial, contabilitate&#8230;<\/p>\n<p><b>Limita maxima de pret de 700\u20ac<\/b><\/p>\n<\/div>\n<\/div>\n<\/div>\n<\/div>\n","protected":false},"featured_media":2968,"comment_status":"closed","ping_status":"closed","template":"","meta":[],"product_cat":[111],"product_tag":[],"yoast_head":"<!-- This site is optimized with the Yoast SEO Premium plugin v20.9 (Yoast SEO v20.9) - https:\/\/yoast.com\/wordpress\/plugins\/seo\/ -->\n<title>Serviciu A-Asesor\u00eda Integral - Asesor\u00eda Integral<\/title>\n<meta name=\"robots\" content=\"index, follow, max-snippet:-1, max-image-preview:large, max-video-preview:-1\" \/>\n<link rel=\"canonical\" href=\"https:\/\/a-asesoriaintegral.com\/ro\/producto\/serviciu-a-asesoria-integral\/\" \/>\n<meta property=\"og:locale\" content=\"ro_RO\" \/>\n<meta property=\"og:type\" content=\"article\" \/>\n<meta property=\"og:title\" content=\"Serviciu A-Asesor\u00eda Integral\" \/>\n<meta property=\"og:description\" content=\"A - Asesor\u00eda Integral          Proceduri la \u00eendem\u00e2n\u0103 Juridic, fiscal, de munc\u0103, administrativ, imigrare, comercial, contabilitate... Limita maxima de pret de 700\u20ac\" \/>\n<meta property=\"og:url\" content=\"https:\/\/a-asesoriaintegral.com\/ro\/producto\/serviciu-a-asesoria-integral\/\" \/>\n<meta property=\"og:site_name\" content=\"Asesor\u00eda Integral\" \/>\n<meta property=\"article:publisher\" content=\"https:\/\/www.facebook.com\/profile.php?id=100075953120073\" \/>\n<meta property=\"article:modified_time\" content=\"2023-11-23T15:56:49+00:00\" \/>\n<meta property=\"og:image\" content=\"https:\/\/a-asesoriaintegral.com\/wp-content\/uploads\/2023\/05\/serviceproduct-1.jpg\" \/>\n\t<meta property=\"og:image:width\" content=\"800\" \/>\n\t<meta property=\"og:image:height\" content=\"534\" \/>\n\t<meta property=\"og:image:type\" content=\"image\/jpeg\" \/>\n<meta name=\"twitter:card\" content=\"summary_large_image\" \/>\n<meta name=\"twitter:label1\" content=\"Timp estimat pentru citire\" \/>\n\t<meta name=\"twitter:data1\" content=\"1 minut\" \/>\n<script type=\"application\/ld+json\" class=\"yoast-schema-graph\">{\"@context\":\"https:\/\/schema.org\",\"@graph\":[{\"@type\":\"WebPage\",\"@id\":\"https:\/\/a-asesoriaintegral.com\/ro\/producto\/serviciu-a-asesoria-integral\/\",\"url\":\"https:\/\/a-asesoriaintegral.com\/ro\/producto\/serviciu-a-asesoria-integral\/\",\"name\":\"Serviciu A-Asesor\u00eda Integral - Asesor\u00eda Integral\",\"isPartOf\":{\"@id\":\"https:\/\/a-asesoriaintegral.com\/en\/#website\"},\"datePublished\":\"2023-07-10T00:54:30+00:00\",\"dateModified\":\"2023-11-23T15:56:49+00:00\",\"breadcrumb\":{\"@id\":\"https:\/\/a-asesoriaintegral.com\/ro\/producto\/serviciu-a-asesoria-integral\/#breadcrumb\"},\"inLanguage\":\"ro-RO\",\"potentialAction\":[{\"@type\":\"ReadAction\",\"target\":[\"https:\/\/a-asesoriaintegral.com\/ro\/producto\/serviciu-a-asesoria-integral\/\"]}]},{\"@type\":\"BreadcrumbList\",\"@id\":\"https:\/\/a-asesoriaintegral.com\/ro\/producto\/serviciu-a-asesoria-integral\/#breadcrumb\",\"itemListElement\":[{\"@type\":\"ListItem\",\"position\":1,\"name\":\"Home\",\"item\":\"https:\/\/a-asesoriaintegral.com\/\"},{\"@type\":\"ListItem\",\"position\":2,\"name\":\"Tienda\",\"item\":\"https:\/\/a-asesoriaintegral.com\/?page_id=14\"},{\"@type\":\"ListItem\",\"position\":3,\"name\":\"Serviciu A-Asesor\u00eda Integral\"}]},{\"@type\":\"WebSite\",\"@id\":\"https:\/\/a-asesoriaintegral.com\/en\/#website\",\"url\":\"https:\/\/a-asesoriaintegral.com\/en\/\",\"name\":\"A-Asesor\u00eda Integral\",\"description\":\"Tr\u00e1mites al alcance de tu mano\",\"publisher\":{\"@id\":\"https:\/\/a-asesoriaintegral.com\/en\/#organization\"},\"potentialAction\":[{\"@type\":\"SearchAction\",\"target\":{\"@type\":\"EntryPoint\",\"urlTemplate\":\"https:\/\/a-asesoriaintegral.com\/en\/?s={search_term_string}\"},\"query-input\":\"required name=search_term_string\"}],\"inLanguage\":\"ro-RO\"},{\"@type\":\"Organization\",\"@id\":\"https:\/\/a-asesoriaintegral.com\/en\/#organization\",\"name\":\"A-Asesor\u00eda Integral\",\"url\":\"https:\/\/a-asesoriaintegral.com\/en\/\",\"logo\":{\"@type\":\"ImageObject\",\"inLanguage\":\"ro-RO\",\"@id\":\"https:\/\/a-asesoriaintegral.com\/en\/#\/schema\/logo\/image\/\",\"url\":\"https:\/\/a-asesoriaintegral.com\/wp-content\/uploads\/2021\/08\/logo-gris.png\",\"contentUrl\":\"https:\/\/a-asesoriaintegral.com\/wp-content\/uploads\/2021\/08\/logo-gris.png\",\"width\":248,\"height\":233,\"caption\":\"A-Asesor\u00eda Integral\"},\"image\":{\"@id\":\"https:\/\/a-asesoriaintegral.com\/en\/#\/schema\/logo\/image\/\"},\"sameAs\":[\"https:\/\/www.facebook.com\/profile.php?id=100075953120073\"]}]}<\/script>\n<!-- \/ Yoast SEO Premium plugin. -->","yoast_head_json":{"title":"Serviciu A-Asesor\u00eda Integral - Asesor\u00eda Integral","robots":{"index":"index","follow":"follow","max-snippet":"max-snippet:-1","max-image-preview":"max-image-preview:large","max-video-preview":"max-video-preview:-1"},"canonical":"https:\/\/a-asesoriaintegral.com\/ro\/producto\/serviciu-a-asesoria-integral\/","og_locale":"ro_RO","og_type":"article","og_title":"Serviciu A-Asesor\u00eda Integral","og_description":"A - Asesor\u00eda Integral          Proceduri la \u00eendem\u00e2n\u0103 Juridic, fiscal, de munc\u0103, administrativ, imigrare, comercial, contabilitate... Limita maxima de pret de 700\u20ac","og_url":"https:\/\/a-asesoriaintegral.com\/ro\/producto\/serviciu-a-asesoria-integral\/","og_site_name":"Asesor\u00eda Integral","article_publisher":"https:\/\/www.facebook.com\/profile.php?id=100075953120073","article_modified_time":"2023-11-23T15:56:49+00:00","og_image":[{"width":800,"height":534,"url":"https:\/\/a-asesoriaintegral.com\/wp-content\/uploads\/2023\/05\/serviceproduct-1.jpg","type":"image\/jpeg"}],"twitter_card":"summary_large_image","twitter_misc":{"Timp estimat pentru citire":"1 minut"},"schema":{"@context":"https:\/\/schema.org","@graph":[{"@type":"WebPage","@id":"https:\/\/a-asesoriaintegral.com\/ro\/producto\/serviciu-a-asesoria-integral\/","url":"https:\/\/a-asesoriaintegral.com\/ro\/producto\/serviciu-a-asesoria-integral\/","name":"Serviciu A-Asesor\u00eda Integral - Asesor\u00eda Integral","isPartOf":{"@id":"https:\/\/a-asesoriaintegral.com\/en\/#website"},"datePublished":"2023-07-10T00:54:30+00:00","dateModified":"2023-11-23T15:56:49+00:00","breadcrumb":{"@id":"https:\/\/a-asesoriaintegral.com\/ro\/producto\/serviciu-a-asesoria-integral\/#breadcrumb"},"inLanguage":"ro-RO","potentialAction":[{"@type":"ReadAction","target":["https:\/\/a-asesoriaintegral.com\/ro\/producto\/serviciu-a-asesoria-integral\/"]}]},{"@type":"BreadcrumbList","@id":"https:\/\/a-asesoriaintegral.com\/ro\/producto\/serviciu-a-asesoria-integral\/#breadcrumb","itemListElement":[{"@type":"ListItem","position":1,"name":"Home","item":"https:\/\/a-asesoriaintegral.com\/"},{"@type":"ListItem","position":2,"name":"Tienda","item":"https:\/\/a-asesoriaintegral.com\/?page_id=14"},{"@type":"ListItem","position":3,"name":"Serviciu A-Asesor\u00eda Integral"}]},{"@type":"WebSite","@id":"https:\/\/a-asesoriaintegral.com\/en\/#website","url":"https:\/\/a-asesoriaintegral.com\/en\/","name":"A-Asesor\u00eda Integral","description":"Tr\u00e1mites al alcance de tu mano","publisher":{"@id":"https:\/\/a-asesoriaintegral.com\/en\/#organization"},"potentialAction":[{"@type":"SearchAction","target":{"@type":"EntryPoint","urlTemplate":"https:\/\/a-asesoriaintegral.com\/en\/?s={search_term_string}"},"query-input":"required name=search_term_string"}],"inLanguage":"ro-RO"},{"@type":"Organization","@id":"https:\/\/a-asesoriaintegral.com\/en\/#organization","name":"A-Asesor\u00eda Integral","url":"https:\/\/a-asesoriaintegral.com\/en\/","logo":{"@type":"ImageObject","inLanguage":"ro-RO","@id":"https:\/\/a-asesoriaintegral.com\/en\/#\/schema\/logo\/image\/","url":"https:\/\/a-asesoriaintegral.com\/wp-content\/uploads\/2021\/08\/logo-gris.png","contentUrl":"https:\/\/a-asesoriaintegral.com\/wp-content\/uploads\/2021\/08\/logo-gris.png","width":248,"height":233,"caption":"A-Asesor\u00eda Integral"},"image":{"@id":"https:\/\/a-asesoriaintegral.com\/en\/#\/schema\/logo\/image\/"},"sameAs":["https:\/\/www.facebook.com\/profile.php?id=100075953120073"]}]}},"_links":{"self":[{"href":"https:\/\/a-asesoriaintegral.com\/ro\/wp-json\/wp\/v2\/product\/3331"}],"collection":[{"href":"https:\/\/a-asesoriaintegral.com\/ro\/wp-json\/wp\/v2\/product"}],"about":[{"href":"https:\/\/a-asesoriaintegral.com\/ro\/wp-json\/wp\/v2\/types\/product"}],"replies":[{"embeddable":true,"href":"https:\/\/a-asesoriaintegral.com\/ro\/wp-json\/wp\/v2\/comments?post=3331"}],"wp:featuredmedia":[{"embeddable":true,"href":"https:\/\/a-asesoriaintegral.com\/ro\/wp-json\/wp\/v2\/media\/2968"}],"wp:attachment":[{"href":"https:\/\/a-asesoriaintegral.com\/ro\/wp-json\/wp\/v2\/media?parent=3331"}],"wp:term":[{"taxonomy":"product_cat","embeddable":true,"href":"https:\/\/a-asesoriaintegral.com\/ro\/wp-json\/wp\/v2\/product_cat?post=3331"},{"taxonomy":"product_tag","embeddable":true,"href":"https:\/\/a-asesoriaintegral.com\/ro\/wp-json\/wp\/v2\/product_tag?post=3331"}],"curies":[{"name":"wp","href":"https:\/\/api.w.org\/{rel}","templated":true}]}}